{"id":868,"date":"2025-03-25T08:35:09","date_gmt":"2025-03-25T08:35:09","guid":{"rendered":"https:\/\/matematykanawrzosowej.com\/?page_id=868"},"modified":"2025-03-25T08:39:34","modified_gmt":"2025-03-25T08:39:34","slug":"polityka-prywatnosci","status":"publish","type":"page","link":"https:\/\/matematykanawrzosowej.com\/index.php\/polityka-prywatnosci\/","title":{"rendered":"Polityka Prywatno\u015bci"},"content":{"rendered":"\t\t<div data-elementor-type=\"wp-page\" data-elementor-id=\"868\" class=\"elementor elementor-868\">\n\t\t\t\t<div class=\"elementor-element elementor-element-efa3d36 e-flex e-con-boxed e-con e-parent\" data-id=\"efa3d36\" data-element_type=\"container\">\n\t\t\t\t\t<div class=\"e-con-inner\">\n\t\t\t\t<div class=\"elementor-element elementor-element-ef76472 elementor-widget elementor-widget-text-editor\" data-id=\"ef76472\" data-element_type=\"widget\" data-widget_type=\"text-editor.default\">\n\t\t\t\t<div class=\"elementor-widget-container\">\n\t\t\t<style>\/*! elementor - v3.23.0 - 05-08-2024 *\/\n.elementor-widget-text-editor.elementor-drop-cap-view-stacked .elementor-drop-cap{background-color:#69727d;color:#fff}.elementor-widget-text-editor.elementor-drop-cap-view-framed .elementor-drop-cap{color:#69727d;border:3px solid;background-color:transparent}.elementor-widget-text-editor:not(.elementor-drop-cap-view-default) .elementor-drop-cap{margin-top:8px}.elementor-widget-text-editor:not(.elementor-drop-cap-view-default) .elementor-drop-cap-letter{width:1em;height:1em}.elementor-widget-text-editor .elementor-drop-cap{float:left;text-align:center;line-height:1;font-size:50px}.elementor-widget-text-editor .elementor-drop-cap-letter{display:inline-block}<\/style>\t\t\t\t<p>Dzie\u0144 dobry!<br \/>Je\u015bli trafi\u0142e\u015b na t\u0119 stron\u0119, to znaczy, \u017ce wa\u017cna jest dla Ciebie ochrona Twoich danych osobowych. Chcemy Ci\u0119 zapewni\u0107, \u017ce dbamy o Twoj\u0105<br \/>prywatno\u015b\u0107 i jest ona dla nas wa\u017cna. W tym celu wdro\u017cyli\u015bmy nie tylko \u015brodki prawne, ale i techniczne, \u017ceby dodatkowo wzmocni\u0107 jej ochron\u0119.<br \/>Zgodnie z RODO, poni\u017cej przedstawiamy, zasady przetwarzania przez nas Twoich danych osobowych. Zapoznaj si\u0119 z najwa\u017cniejszymi pytaniami,<br \/>odnosz\u0105cymi si\u0119 do Twoich danych osobowych, a w razie jakichkolwiek w\u0105tpliwo\u015bci dot. Polityki prywatno\u015bci, zapraszamy do kontaktu z nami<br \/>poprzez adres: matematykanawrzosowej@gmail.com<\/p><p>POLITYKA PRYWATNO\u015aCI<\/p><p>\u00a71 Kim jest Administrator Twoich danych osobowych?<br \/>Administratorem danych jest Agnieszka Pniak, prowadz\u0105ca dzia\u0142alno\u015b\u0107 gospodarcz\u0105 pod nazw\u0105 Firma Us\u0142ugowa Agnieszka Pniak, NIP:<br \/>9721327983, REGON: 522240906, adres: ul. Wrzosowa 3, 83-340 Sierakowice. Mo\u017cesz skontaktowa\u0107 si\u0119 z Administratorem, pisz\u0105c na adres<br \/>e-mail: matematykanawrzosowej@gmail.com<\/p><p>\u00a72 W jakim celu zbieramy Twoje dane i jak d\u0142ugo je przechowujemy?<br \/>Mo\u017cemy przetwarza\u0107 Twoje dane w nast\u0119puj\u0105cych celach:<br \/>1. Komunikacji z Tob\u0105, w tym udzielania odpowiedzi na pytania przekazane przez formularz kontaktowy, wiadomo\u015b\u0107 e-mail, itp.;<br \/>Dane b\u0119d\u0105 przetwarzane w oparciu o uzasadniony interes Administratora, w postaci komunikacji z U\u017cytkownikami Strony (art. 6 ust. 1 lit. f<br \/>RODO). Twoje dane b\u0119d\u0105 przetwarzane nie d\u0142u\u017cej, ni\u017c do czasu wniesienia przez Ciebie sprzeciwu lub ustania celu biznesowego. Podanie tych<br \/>danych jest dobrowolne, ale jednocze\u015bnie niezb\u0119dne do komunikacji z Tob\u0105. Dane mog\u0105 by\u0107 tak\u017ce przetwarzane podczas procesu archiwizacji do<br \/>cel\u00f3w wewn\u0119trznych, w oparciu o uzasadniony interes Administratora (art. 6 ust. 1 lit. f RODO), do czasu wniesienia sprzeciwu lub ustania celu<br \/>biznesowego.<br \/>2. Zawarcia umowy i jej realizacji (z\u0142o\u017cenia zam\u00f3wienia);<br \/>3. Ustalenia, obrony i dochodzenia roszcze\u0144;<br \/>4. Realizacji obowi\u0105zk\u00f3w prawnych ci\u0105\u017c\u0105cych na Administratorze (m.in. obowi\u0105zk\u00f3w podatkowych i archiwizacyjnych);<br \/>Dane niezb\u0119dne do zawarcia i realizacji umowy b\u0119d\u0105 przetwarzane przez czas realizacji umowy, w tym przez czas realizacji uprawnie\u0144<br \/>wynikaj\u0105cych z umowy, jak np. prawo do reklamacji z tytu\u0142u r\u0119kojmi (art. 6 ust. 1 lit. b i f RODO). Podanie tych danych jest dobrowolne, ale<br \/>jednocze\u015bnie niezb\u0119dne do zawarcia i realizacji umowy.<br \/>Dane dodatkowe podane w celu m.in. usprawnienia realizacji umowy, b\u0119d\u0105 przetwarzane nie d\u0142u\u017cej, ni\u017c do czasu wniesienia przez Ciebie<br \/>sprzeciwu lub ustania celu biznesowego, w oparciu o uzasadniony interes w postaci obs\u0142ugi Klient\u00f3w (art. 6 ust. 1 lit. f RODO).<br \/>Po tym czasie, dane b\u0119d\u0105 przetwarzane przez okres przedawnienia roszcze\u0144, w oparciu o uzasadniony interes Administratora w celu obrony<br \/>przed roszczeniami, a tak\u017ce w celu ustalenia i dochodzenia roszcze\u0144 (art. 6 ust. 1 lit. f RODO).<br \/>W przypadku gdy dane s\u0105 niezb\u0119dne do realizacji obowi\u0105zk\u00f3w prawnych, ci\u0105\u017c\u0105cych na Administratorze (jak np. wystawianie i przechowywanie<br \/>faktur, realizacja procedur wynikaj\u0105cych z aktu o us\u0142ugach cyfrowych) \u2013 dane b\u0119d\u0105 przetwarzane w tym celu nie d\u0142u\u017cej ni\u017c przez 6 lat (obowi\u0105zki<br \/>archiwizacyjne dot. dokument\u00f3w ksi\u0119gowych), chyba \u017ce przepisy prawa stanowi\u0105 inaczej (art. 6 ust. 1 lit. c RODO).<br \/>Dane mog\u0105 by\u0107 tak\u017ce archiwizowane do cel\u00f3w wewn\u0119trznych i statystycznych, do czasu wniesienia przez Ciebie sprzeciwu lub ustania celu<br \/>biznesowego, w oparciu o uzasadniony interes Administratora (art. 6 ust. 1 lit. f RODO).<br \/>5. Dostarczania informacji marketingowych (m.in. wysy\u0142ki newslettera oraz informacji o us\u0142ugach, produktach, promocjach, darmowych<br \/>tre\u015bciach za pomoc\u0105 innych narz\u0119dzi, np. chatbot,telefon);<br \/>Dane b\u0119d\u0105 przetwarzane w oparciu o uzasadniony interes Administratora, w postaci marketingu produkt\u00f3w i us\u0142ug Administratora (art. 6 ust. 1<br \/>lit. f RODO). Dane b\u0119d\u0105 przetwarzane nie d\u0142u\u017cej, ni\u017c do czasu wniesienia przez Ciebie sprzeciwu lub ustania celu biznesowego \u2013 w zale\u017cno\u015bci od<br \/>tego, co nast\u0105pi wcze\u015bniej. Podanie danych jest dobrowolne, jednak niezb\u0119dne do otrzymywania informacji marketingowych\/handlowych.<\/p><p>Zgodnie z art. 10 ustawy o \u015bwiadczeniu us\u0142ug drog\u0105 elektroniczn\u0105, w celach utrzymania komunikacji handlowej oraz telefonicznej, potrzebuj\u0119<br \/>Twojej zgody.. Mo\u017cesz j\u0105 w ka\u017cdej chwili wycofa\u0107, klikaj\u0105c link w stopce maila lub pisz\u0105c do mnie, na adres podany wy\u017cej.<br \/>6. Administrowania i zarz\u0105dzania stron\u0105 i grupami na platformach spo\u0142eczno\u015bciowych (m.in. Facebook (Meta), Instagram, LinkedIn), w<br \/>przypadku przetwarzania danych na platformach spo\u0142eczno\u015bciowych, w tym komunikacji i kierowania tre\u015bci marketingowych;<br \/>Dane te b\u0119d\u0105 przetwarzane wy\u0142\u0105cznie wtedy, gdy zdecydujesz si\u0119 na: polubienie strony \/ do\u0142\u0105czenie do grupy \/ wybranie opcji \u201eObserwuj\u201d lub w<br \/>inny spos\u00f3b zostawisz swoje dane na platformie, zarz\u0105dzanej przeze mnie, np. w formie umieszczenia wpisu lub komentarza. Dane b\u0119d\u0105<br \/>przetwarzane przez okres istnienia strony\/grupy lub do czasu wniesienia przez Ciebie sprzeciwu, co mo\u017ce nast\u0105pi\u0107 poprzez odklikni\u0119cie opcji<br \/>\u201eLubi\u0119 to\u201d, \u201eObserwuj\u201d, usuni\u0119cie komentarza\/wpisu albo w inny spos\u00f3b przewidziany w ramach platformy\/strony lub poprzez skontaktowanie si\u0119<br \/>ze mn\u0105 . Informujemy, \u017ce zasady odnosz\u0105ce si\u0119 do strony\/fanpage\u2019a\/grupy, ustala Administrator, natomiast zasady korzystania z portalu<br \/>spo\u0142eczno\u015bciowego, na kt\u00f3rym umieszczona jest strona\/fanpage\/grupa, ustala podmiot zarz\u0105dzaj\u0105cy tymi portalami.<br \/>7. Analitycznym i statystycznym;<br \/>Przetwarzanie danych w celach analitycznych i statystycznych, polega w szczeg\u00f3lno\u015bci na analizie danych, pozyskanych automatycznie przy<br \/>korzystaniu ze strony internetowej, w tym plik\u00f3w cookies. Dane przetwarzane s\u0105 w oparciu o uzasadniony interes Administratora, w postaci<br \/>dostosowania zawarto\u015bci Strony do preferencji U\u017cytkownika oraz optymalizacji korzystania ze Strony; tworzenia statystyk, kt\u00f3re pomagaj\u0105<br \/>zrozumie\u0107, w jaki spos\u00f3b U\u017cytkownicy korzystaj\u0105 ze Strony, co umo\u017cliwia ulepszanie jej struktury i zawarto\u015bci (art. 6 ust. 1 lit. f RODO). Dane<br \/>mog\u0105 by\u0107 tak\u017ce archiwizowane do cel\u00f3w wewn\u0119trznych i statystycznych, w oparciu o uzasadniony interes Administratora (art. 6 ust. 1 lit. f<br \/>RODO), do czasu wniesienia przez Ciebie sprzeciwu lub ustania celu biznesowego.<br \/>8. Odzyskiwania odrzuconych koszyk\u00f3w;<br \/>W sytuacji, gdy nie uko\u0144czysz sk\u0142adania zam\u00f3wienia, otrzymasz przypomnienie o rozpocz\u0119tym, ale niesfinalizowanym zam\u00f3wieniu. Dane<br \/>przetwarzane b\u0119d\u0105 w oparciu o uzasadniony interes Administratora, w postaci obs\u0142ugi potencjalnych Klient\u00f3w i rzeczywistych Klient\u00f3w(art. 6 ust.<br \/>1 lit. f RODO). Dane te b\u0119d\u0105 przetwarzane przez czas niezb\u0119dny do realizacji cel\u00f3w biznesowych lub do momentu wniesienia sprzeciwu.<br \/>9. Zamieszczania komentarzy;<br \/>Dane widoczne na naszej Stronie przy zamieszczonym komentarzu, s\u0105 przetwarzane przez nas w celu administrowania Stron\u0105 i do jej obs\u0142ugi, a<br \/>tak\u017ce s\u0142u\u017c\u0105 do komunikacji z Tob\u0105 w oparciu o uzasadniony interes Administratora (art. 6 ust. 1 lit. f), przez czas niezb\u0119dny do realizacji cel\u00f3w<br \/>biznesowych lub do momentu wniesienia sprzeciwu.<br \/>10. Promocji i marketingu;<br \/>W sytuacji, gdy przeka\u017cesz nam swoje dane, w szczeg\u00f3lno\u015bci w postaci opinii dotycz\u0105cej produktu lub us\u0142ugi, w tym dane dot. wizerunku, b\u0119d\u0105 one<br \/>przetwarzane w oparciu o uzasadniony interes Administratora w postaci marketingu, do celu podnoszenia jako\u015bci us\u0142ug i produkt\u00f3w oraz<br \/>promocji us\u0142ug i produkt\u00f3w Administratora. Dane te b\u0119d\u0105 przetwarzane przez okres niezb\u0119dny do realizacji cel\u00f3w biznesowych lub do czasu<br \/>wniesienia sprzeciwu. Podanie danych jest dobrowolne.<br \/>11. Zbierania danych wra\u017cliwych;<br \/>Dane wra\u017cliwe s\u0105 zbierane w celu realizacji umowy i jej prawid\u0142owego wykonywania \u2013 na podstawie Twojej \u015bwiadomej i dobrowolnej zgody (art. 9<br \/>ust. 2 lit. a RODO) \u2013 do czasu ustania celu biznesowego lub cofni\u0119cia zgody. Podanie danych jest dobrowolne, ale jest niezb\u0119dne do prawid\u0142owej<br \/>realizacji umowy.<br \/>12. Rekrutacji;<br \/>Dane mog\u0105 by\u0107 przetwarzane przez czas niezb\u0119dny do procesu rekrutacji i zawarcia umowy (art. 6 ust.1 lit. b oraz art. 6 ust.1 lit. c RODO), a w<br \/>przypadku danych dodatkowych, dobrowolnie podanych \u2013 w oparciu o Twoj\u0105 zgod\u0119. Mog\u0105 r\u00f3wnie\u017c s\u0142u\u017cy\u0107 do cel\u00f3w przysz\u0142ych rekrutacji \u2013 na<br \/>podstawie wyra\u017conej przez Ciebie zgody \u2013 przez okres maksymalnie 3 lat (okres ten liczony jest od zako\u0144czenia roku, w kt\u00f3rym aplikacja zosta\u0142a<br \/>pozyskana). Podanie danych osobowych jest dobrowolne, z tym \u017ce przekazanie niekt\u00f3rych danych, mo\u017ce by\u0107 niezb\u0119dne do przeprowadzenia<br \/>rekrutacji, jak r\u00f3wnie\u017c do zawarcia umowy. Konsekwencj\u0105 niepodania tych danych b\u0119dzie niepodj\u0119cie ww. dzia\u0142a\u0144.<\/p><p>\u00a73 Komu mo\u017cemy przekaza\u0107 Twoje dane?<br \/>Przekazujemy Twoje dane innym podmiotom tylko wtedy, gdy jest to niezb\u0119dne do realizacji cel\u00f3w przetwarzania, o kt\u00f3rych mowa w \u00a72 oraz<\/p><p>wy\u0142\u0105cznie w zakresie koniecznym do realizacji tego celu. Co do zasady zbieramy i przetwarzamy tylko te dane, kt\u00f3re sam nam poda\u0142e\u015b, z<br \/>zastrze\u017ceniem danych zbieranych automatycznie (plik\u00f3w cookies). Wi\u0119cej o cookies znajdziesz w \u00a77.<br \/>W razie potrzeby Twoje dane mog\u0105 by\u0107 przekazane podmiotom, z kt\u00f3rymi wsp\u00f3\u0142pracujemy przy realizacji ww. cel\u00f3w, w szczeg\u00f3lno\u015bci firmie<br \/>hostingowej, firmie informatycznej \/ podmiotowi zarz\u0105dzaj\u0105cemu stron\u0105, firmie \u015bwiadcz\u0105cej us\u0142ugi rachunkowo-ksi\u0119gowe, firmie udost\u0119pniaj\u0105cej<br \/>program do faktur, firmie \u015bwiadcz\u0105cej us\u0142ugi newslettera, firmie \u015bwiadcz\u0105cej us\u0142ugi chmurowe, podmiotom \u015bwiadcz\u0105cym us\u0142ugi marketingowe,<br \/>podmiotom \u015bwiadcz\u0105cym us\u0142ugi administracyjne, podmiotom \u015bwiadcz\u0105cym us\u0142ugi konsultingowe, podwykonawcom, prawnikom, kurierom lub<br \/>operatorom pocztowym, platformie szkoleniowej, platformie spo\u0142eczno\u015bciowej, platformie do obs\u0142ugi Klient\u00f3w, platformie do umawiania wizyt,<br \/>platformie do udost\u0119pniania produkt\u00f3w lub \u015bwiadczenia us\u0142ug, innym podmiotom, kt\u00f3re wspieraj\u0105 Administratora w realizacji cel\u00f3w<br \/>przetwarzania.<br \/>Co do zasady dane nie b\u0119d\u0105 przekazywane poza obszar EOG, z zastrze\u017ceniem sytuacji opisanych poni\u017cej. W pozosta\u0142ych przypadkach, w sytuacji<br \/>gdy dane b\u0119d\u0105 przekazane poza EOG, nast\u0105pi to w oparciu o Twoj\u0105 zgod\u0119, standardowe klauzule umowne lub w oparciu o inne zabezpieczenia<br \/>przewidziane w RODO, po spe\u0142nieniu m.in. obowi\u0105zku informacyjnego.<br \/>Us\u0142ugi \u015bwiadczone przez Google lub Facebook (META), wykonywane s\u0105 co do zasady przez podmioty, maj\u0105ce swoj\u0105 siedzib\u0119 w Unii Europejskiej. Z<br \/>uwagi jednak na globalny charakter dzia\u0142ania tych podmiot\u00f3w, Twoje dane mog\u0105 by\u0107 przekazywane do USA, w zwi\u0105zku z ich przechowywaniem na<br \/>serwerach ameryka\u0144skich (w ca\u0142o\u015bci lub w cz\u0119\u015bci). Niezale\u017cnie od tego, Google i Facebook wdro\u017cy\u0142y zabezpieczenia zgodne z wymogami RODO,<br \/>maj\u0105ce na celu ochron\u0119 danych osobowych, poprzez stosowanie standardowych klauzul umownych. Wi\u0119cej informacji o zasadach przetwarzania<br \/>danych przez ww. dostawc\u00f3w, znajduje si\u0119 w Politykach prywatno\u015bci ka\u017cdego z podmiot\u00f3w.<br \/>Twoje dane (o ile wynika to z celu przetwarzania) mog\u0105 by\u0107 tak\u017ce przekazywane poza obszar EOG nast\u0119puj\u0105cym podmiotom:<br \/>1) Active Campaign LLC 1 N Dearborn St., 5th Floor, Chicago, Illinois 60602<br \/>2) Asana, Inc., 1550 Bryant Street, 2nd Floor San Francisco, California 94103,<\/p><p>\u00a74 Jakie prawa Ci przys\u0142uguj\u0105?<br \/>W zwi\u0105zku z RODO przys\u0142uguje Ci prawo dost\u0119pu do swoich danych osobowych, sprostowania danych osobowych, usuni\u0119cia danych osobowych,<br \/>ograniczenia przetwarzania danych osobowych, sprzeciwu wobec przetwarzania danych osobowych, przenoszenia danych osobowych, cofni\u0119cia<br \/>zgody na przetwarzanie danych; wycofanie zgody, nie wp\u0142ywa na zgodno\u015b\u0107 z prawem przetwarzania, dokonanego przed jej cofni\u0119ciem.<br \/>Szczeg\u00f3\u0142owe informacje dot. ww. praw znajduj\u0105 si\u0119 w rozporz\u0105dzeniu RODO, tj. w rozporz\u0105dzeniu Parlamentu Europejskiego i Rady (UE)<br \/>2016\/679 z dnia 27 kwietnia 2016 r. w sprawie ochrony os\u00f3b fizycznych w zwi\u0105zku z przetwarzaniem danych osobowych i w sprawie swobodnego<br \/>przep\u0142ywu takich danych oraz uchylenia dyrektywy 95\/46\/WE (og\u00f3lne rozporz\u0105dzenie o ochronie danych).<br \/>Je\u017celi uwa\u017casz, \u017ce Twoje dane osobowe s\u0105 przetwarzane niezgodnie z obowi\u0105zuj\u0105cym prawem, przys\u0142uguje Ci skarga do Prezesa Urz\u0119du Ochrony<br \/>Danych Osobowych. W takim przypadku zach\u0119cam jednak do wcze\u015bniejszego kontaktu ze mn\u0105, celem wyja\u015bnienia swoich w\u0105tpliwo\u015bci.<\/p><p>\u00a75 Czy Twoje dane s\u0105 profilowane?<br \/>Administrator analizuje dane osobowe w spos\u00f3b zautomatyzowany, za pomoc\u0105 narz\u0119dzi udost\u0119pnionych przez dostawc\u00f3w oprogramowania (np.<br \/>za pomoc\u0105 statystyk, historii), wy\u0142\u0105cznie w zakresie, kt\u00f3ry nie wywo\u0142uje wobec Ciebie \u017cadnych skutk\u00f3w prawnych lub istotnie nie wp\u0142ywa na<br \/>Twoj\u0105 sytuacj\u0119, w tym na zagwarantowane prawa i wolno\u015bci. Celem przetwarzania danych w spos\u00f3b zautomatyzowany, jest poznanie preferencji<br \/>U\u017cytkownik\u00f3w (wi\u0119cej informacji o analizie znajduje si\u0119 w \u00a77 Polityka plik\u00f3w cookies).<br \/>\u00a76 Przepisy prawa obowi\u0105zuj\u0105ce w zakresie danych osobowych<br \/>W sprawach nieuregulowanych stosuje si\u0119 w\u0142a\u015bciwe przepisy prawa, w tym prawa europejskiego (m.in. RODO).<\/p><p>\u00a77 Polityka plik\u00f3w cookies<br \/>Strona nie zbiera w spos\u00f3b automatyczny \u017cadnych informacji, z wyj\u0105tkiem informacji zawartych w plikach cookies. Dane te s\u0105 zbierane, w spos\u00f3b<br \/>uniemo\u017cliwiaj\u0105cy identyfikacj\u0119 U\u017cytkownika, tzw. dane anonimowe.<br \/>Pliki cookies (tzw. \u201eciasteczka\u201d) stanowi\u0105 dane informatyczne, w szczeg\u00f3lno\u015bci pliki tekstowe, kt\u00f3re przechowywane s\u0105 w urz\u0105dzeniu ko\u0144cowym<br \/>U\u017cytkownika Strony i przeznaczone s\u0105 do korzystania ze Strony. Cookies zazwyczaj zawieraj\u0105 nazw\u0119 strony internetowej, z kt\u00f3rej pochodz\u0105, czas<br \/>przechowywania ich na urz\u0105dzeniu ko\u0144cowym oraz unikalny numer.<\/p><p>Pliki cookies wykorzystywane s\u0105: w celu dostosowania zawarto\u015bci Strony do preferencji U\u017cytkownika oraz, aby optymalizowa\u0107 korzystanie ze<br \/>Strony, a tak\u017ce do tworzenia statystyk, kt\u00f3re pomagaj\u0105 zrozumie\u0107, w jaki spos\u00f3b U\u017cytkownicy korzystaj\u0105 ze Strony, co umo\u017cliwia ulepszanie jej<br \/>struktury i zawarto\u015bci.<br \/>Mo\u017cesz dokona\u0107 samodzielnie zmian w ustawieniach, dotycz\u0105cych plik\u00f3w cookies. W wielu przypadkach przegl\u0105darka internetowa domy\u015blnie<br \/>dopuszcza przechowywanie plik\u00f3w cookies w urz\u0105dzeniu ko\u0144cowym U\u017cytkownika. Szczeg\u00f3\u0142owe informacje o mo\u017cliwo\u015bci i sposobach obs\u0142ugi<br \/>plik\u00f3w cookies dost\u0119pne s\u0105 w ustawieniach oprogramowania (przegl\u0105darki internetowej). Brak wyra\u017cenia zgody na pliki cookies, mo\u017ce ogranicza\u0107<br \/>dzia\u0142anie niekt\u00f3rych funkcjonalno\u015bci na Stronie.<br \/>Administrator stosuje technologie, obserwuj\u0105ce dzia\u0142ania, podejmowane przez U\u017cytkownika w ramach Strony:<br \/>&#8211; piksel konwersji Facebooka (Meta) dostarczany przez Meta Platforms Ireland Limited \u2013 w celu zarz\u0105dzania reklamami na Meta i prowadzenia<br \/>dzia\u0142a\u0144 remarketingowych; Facebook Pixel to fragment kodu opublikowany na stronie internetowej, kt\u00f3ry pozwala na docieranie do grupy<br \/>docelowej w oparciu o dane os\u00f3b, kt\u00f3re korzysta\u0142y ze strony internetowej. W ramach funkcji Facebook Pixel mo\u017cliwe jest zatem, wy\u015bwietlanie<br \/>opublikowanych reklam na portalach nale\u017c\u0105cych do Meta wy\u0142\u0105cznie u\u017cytkownikom portalu, kt\u00f3rzy wykazali zainteresowanie produktami lub<br \/>us\u0142ugami lub maj\u0105 wsp\u00f3lne czynniki do ww. os\u00f3b. Dane te przetwarzane s\u0105 w oparciu o uzasadniony interes Administratora (art. 6 ust. 1 lit. f<br \/>RODO). Szczeg\u00f3\u0142owe informacje dot. Piksela Facebooka, mo\u017cna znale\u017a\u0107 na stronie Polityki prywatno\u015bci Facebooka (Meta).<br \/>&#8211; narz\u0119dzia Google, w tym Google Analytics dostarczane przez Google LLC, 1600 Amphitheatre Parkway, Mountain View, CA 94043, USA. Dane<br \/>pozyskane w ramach korzystania z ww. narz\u0119dzia wykorzystuj\u0119 w celu analizy statystyk Strony. Google Analytics korzysta z w\u0142asnych plik\u00f3w<br \/>cookies do analizowania dzia\u0142a\u0144 i zachowa\u0144 U\u017cytkownik\u00f3w Strony. Pliki te s\u0142u\u017c\u0105 do przechowywania informacji, np. z jakiej strony U\u017cytkownik<br \/>trafi\u0142 na bie\u017c\u0105c\u0105 stron\u0119 internetow\u0105. Pomagaj\u0105 udoskonali\u0107 Stron\u0119. Dane te przetwarzane s\u0105 w oparciu o uzasadniony interes Administratora (art.<br \/>6 ust. 1 lit. f RODO). Szczeg\u00f3\u0142owe informacje dot. Google Analytics, mo\u017cna znale\u017a\u0107 na stronie: zasady korzystania z narz\u0119dzi Google.<\/p><p>\u00a78 Wtyczki spo\u0142eczno\u015bciowe<br \/>Na Stronie u\u017cywane s\u0105 wtyczki, widgety i inne narz\u0119dzia spo\u0142eczno\u015bciowe udost\u0119pniane przez portale takie jak: Facebook (Meta), Instagram,<br \/>YouTube, LinkedIn. Zasady dotycz\u0105ce przetwarzania danych osobowych opisane s\u0105 bezpo\u015brednio na stronach ww. Us\u0142ugodawc\u00f3w.<\/p><p>\u00a79 Wsp\u00f3\u0142administrowanie<br \/>Dane przetwarzane na potrzeby statystyk zbieranych w ramach platformy Facebook (Meta), s\u0105 wsp\u00f3\u0142administrowane przez Administratora oraz<br \/>Meta Platforms Ireland Limited, z siedzib\u0105 pod adresem 4 Grand Canal Square, Grand Canal Harbour, Dublin 2, Ireland, zwan\u0105 dalej<br \/>Wsp\u00f3\u0142administratorem. Szczeg\u00f3\u0142owe zasady dotycz\u0105ce wsp\u00f3\u0142administrowania danymi, w tym informacje o przys\u0142uguj\u0105cych prawach, opisane<br \/>zosta\u0142y na stronie Polityka prywatno\u015bci.<br \/>Dane przetwarzane w ramach platformy LinkedIn s\u0105 wsp\u00f3\u0142administrowane przez Administratora oraz LinkedIn Ireland Unlimited Company,<br \/>adres: Legal Dept. (Privacy Policy and User Agreement), Wilton Place, Dublin 2, Ireland, zwany dalej Wsp\u00f3\u0142administratorem. Szczeg\u00f3\u0142owe zasady<br \/>dotycz\u0105ce wsp\u00f3\u0142administrowania danymi, w tym informacje o przys\u0142uguj\u0105cych prawach, opisane zosta\u0142y na stronie Polityka prywatno\u015bci.<br \/>Administrator przetwarza dane w oparciu o uzasadniony interes Administratora, polegaj\u0105cy na prowadzeniu analiz aktywno\u015bci U\u017cytkownik\u00f3w, a<br \/>tak\u017ce ich preferencji, w celu poprawy stosowanych funkcjonalno\u015bci i \u015bwiadczonych us\u0142ug. W sprawach dotycz\u0105cych danych osobowych, mo\u017cna<br \/>kontaktowa\u0107 si\u0119 zar\u00f3wno z Administratorem, jak i Wsp\u00f3\u0142administratorem.<\/p>\t\t\t\t\t\t<\/div>\n\t\t\t\t<\/div>\n\t\t\t\t\t<\/div>\n\t\t\t\t<\/div>\n\t\t\t\t<\/div>\n\t\t","protected":false},"excerpt":{"rendered":"<p>Dzie\u0144 dobry!Je\u015bli trafi\u0142e\u015b na t\u0119 stron\u0119, to znaczy, \u017ce wa\u017cna jest dla Ciebie ochrona Twoich danych osobowych. Chcemy Ci\u0119 zapewni\u0107, \u017ce dbamy o Twoj\u0105prywatno\u015b\u0107 i jest ona dla nas wa\u017cna. W tym celu wdro\u017cyli\u015bmy nie tylko \u015brodki prawne, ale i techniczne, \u017ceby dodatkowo wzmocni\u0107 jej ochron\u0119.Zgodnie z RODO, poni\u017cej przedstawiamy, zasady przetwarzania przez nas Twoich [&hellip;]<\/p>\n","protected":false},"author":1,"featured_media":0,"parent":0,"menu_order":0,"comment_status":"closed","ping_status":"closed","template":"","meta":{"footnotes":""},"class_list":["post-868","page","type-page","status-publish","hentry"],"_links":{"self":[{"href":"https:\/\/matematykanawrzosowej.com\/index.php\/wp-json\/wp\/v2\/pages\/868","targetHints":{"allow":["GET"]}}],"collection":[{"href":"https:\/\/matematykanawrzosowej.com\/index.php\/wp-json\/wp\/v2\/pages"}],"about":[{"href":"https:\/\/matematykanawrzosowej.com\/index.php\/wp-json\/wp\/v2\/types\/page"}],"author":[{"embeddable":true,"href":"https:\/\/matematykanawrzosowej.com\/index.php\/wp-json\/wp\/v2\/users\/1"}],"replies":[{"embeddable":true,"href":"https:\/\/matematykanawrzosowej.com\/index.php\/wp-json\/wp\/v2\/comments?post=868"}],"version-history":[{"count":7,"href":"https:\/\/matematykanawrzosowej.com\/index.php\/wp-json\/wp\/v2\/pages\/868\/revisions"}],"predecessor-version":[{"id":881,"href":"https:\/\/matematykanawrzosowej.com\/index.php\/wp-json\/wp\/v2\/pages\/868\/revisions\/881"}],"wp:attachment":[{"href":"https:\/\/matematykanawrzosowej.com\/index.php\/wp-json\/wp\/v2\/media?parent=868"}],"curies":[{"name":"wp","href":"https:\/\/api.w.org\/{rel}","templated":true}]}}