{"id":67,"date":"2024-07-05T14:49:35","date_gmt":"2024-07-05T14:49:35","guid":{"rendered":"https:\/\/matematykanawrzosowej.com\/?page_id=67"},"modified":"2025-08-17T03:48:45","modified_gmt":"2025-08-17T03:48:45","slug":"opinie","status":"publish","type":"page","link":"https:\/\/matematykanawrzosowej.com\/index.php\/opinie\/","title":{"rendered":"Opinie"},"content":{"rendered":"\t\t<div data-elementor-type=\"wp-page\" data-elementor-id=\"67\" class=\"elementor elementor-67\">\n\t\t\t\t<div class=\"elementor-element elementor-element-351b54ea e-con-full e-flex e-con e-parent\" data-id=\"351b54ea\" data-element_type=\"container\" data-settings=\"{&quot;background_background&quot;:&quot;classic&quot;}\">\n\t\t\t\t<div class=\"elementor-element elementor-element-b1db627 elementor-widget elementor-widget-heading\" data-id=\"b1db627\" data-element_type=\"widget\" data-widget_type=\"heading.default\">\n\t\t\t\t<div class=\"elementor-widget-container\">\n\t\t\t<style>\/*! elementor - v3.23.0 - 05-08-2024 *\/\n.elementor-heading-title{padding:0;margin:0;line-height:1}.elementor-widget-heading .elementor-heading-title[class*=elementor-size-]>a{color:inherit;font-size:inherit;line-height:inherit}.elementor-widget-heading .elementor-heading-title.elementor-size-small{font-size:15px}.elementor-widget-heading .elementor-heading-title.elementor-size-medium{font-size:19px}.elementor-widget-heading .elementor-heading-title.elementor-size-large{font-size:29px}.elementor-widget-heading .elementor-heading-title.elementor-size-xl{font-size:39px}.elementor-widget-heading .elementor-heading-title.elementor-size-xxl{font-size:59px}<\/style><h1 class=\"elementor-heading-title elementor-size-default\">Opinie<\/h1>\t\t<\/div>\n\t\t\t\t<\/div>\n\t\t\t\t<\/div>\n\t\t<div class=\"elementor-element elementor-element-2a8af7c9 e-con-full e-flex e-con e-parent\" data-id=\"2a8af7c9\" data-element_type=\"container\">\n\t\t\t\t<div class=\"elementor-element elementor-element-65d0e675 elementor-align-center elementor-widget elementor-widget-button\" data-id=\"65d0e675\" data-element_type=\"widget\" data-widget_type=\"button.default\">\n\t\t\t\t<div class=\"elementor-widget-container\">\n\t\t\t\t\t<div class=\"elementor-button-wrapper\">\n\t\t\t<a class=\"elementor-button elementor-button-link elementor-size-sm elementor-animation-grow\" href=\"https:\/\/g.page\/r\/CdvBVA9qHKJqEAE\/review\" target=\"_blank\">\n\t\t\t\t\t\t<span class=\"elementor-button-content-wrapper\">\n\t\t\t\t\t\t\t\t\t<span class=\"elementor-button-text\">Opinie Google<\/span>\n\t\t\t\t\t<\/span>\n\t\t\t\t\t<\/a>\n\t\t<\/div>\n\t\t\t\t<\/div>\n\t\t\t\t<\/div>\n\t\t\t\t<div class=\"elementor-element elementor-element-721a5a85 elementor-widget elementor-widget-text-editor\" data-id=\"721a5a85\" data-element_type=\"widget\" data-widget_type=\"text-editor.default\">\n\t\t\t\t<div class=\"elementor-widget-container\">\n\t\t\t<style>\/*! elementor - v3.23.0 - 05-08-2024 *\/\n.elementor-widget-text-editor.elementor-drop-cap-view-stacked .elementor-drop-cap{background-color:#69727d;color:#fff}.elementor-widget-text-editor.elementor-drop-cap-view-framed .elementor-drop-cap{color:#69727d;border:3px solid;background-color:transparent}.elementor-widget-text-editor:not(.elementor-drop-cap-view-default) .elementor-drop-cap{margin-top:8px}.elementor-widget-text-editor:not(.elementor-drop-cap-view-default) .elementor-drop-cap-letter{width:1em;height:1em}.elementor-widget-text-editor .elementor-drop-cap{float:left;text-align:center;line-height:1;font-size:50px}.elementor-widget-text-editor .elementor-drop-cap-letter{display:inline-block}<\/style>\t\t\t\t<p class=\"font_9 wixui-rich-text__text\">\u00a0<\/p>\n<p class=\"font_9 wixui-rich-text__text\"><span class=\"wixui-rich-text__text\">Dzi\u0119ki zaj\u0119ciom z Pani\u0105 Agnieszk\u0105 c\u00f3rka zda\u0142a matur\u0119 z matematyki z bardzo dobrym wynikiem, a to z kolei umo\u017cliwi\u0142o jej studiowanie na wymarzonej (od dziecka) uczelni. Polecam!<\/span><\/p>\n<p class=\"font_9 wixui-rich-text__text\"><span class=\"wixui-rich-text__text\">&#8211; Aneta J.<\/span><\/p>\n<p class=\"font_9 wixui-rich-text__text\"><span class=\"wixui-rich-text__text\"><span class=\"wixGuard wixui-rich-text__text\">\u200b<\/span><\/span><\/p>\n<p class=\"font_9 wixui-rich-text__text\"><span class=\"wixui-rich-text__text\">Bardzo Pani dzi\u0119kuj\u0119 za zaj\u0119cia z synem &#8211; on bardzo polubi\u0142 te lekcje i cieszy go, <\/span><span class=\"wixui-rich-text__text\">\u017ce \u201eogarnia matm\u0119\u201d. To wspania\u0142e, co Pani robi. Dzi\u0119kuj\u0119 z ca\u0142ego serca.<\/span><\/p>\n<p class=\"font_9 wixui-rich-text__text\"><span class=\"wixui-rich-text__text\">&#8211; Maria G.<\/span><\/p>\n<p class=\"font_9 wixui-rich-text__text\"><span class=\"wixui-rich-text__text\"><span class=\"wixGuard wixui-rich-text__text\">\u200b<\/span><\/span><\/p>\n<p class=\"font_9 wixui-rich-text__text\"><span class=\"wixui-rich-text__text\">Bardzo polecam pani\u0105 Agnieszk\u0119. \u015awietnie t\u0142umaczy, ma pozytywne nastawienie, moje nielubiej\u0105cej matematyki dzieci, ch\u0119tnie chodzi\u0142y na zaj\u0119cia z Pani\u0105 Agnieszk\u0105. Do dzisiaj wspominaj\u0105 z sympati\u0105&#8230; a do tego dzi\u0119ki nim zaliczy\u0142y matm\u0119 w szkole. Serdecznie polecam!<\/span><\/p>\n<p class=\"font_9 wixui-rich-text__text\"><span class=\"wixui-rich-text__text\">&#8211; Anna M.<\/span><\/p>\n<p>\u00a0<\/p>\n<p class=\"font_9 wixui-rich-text__text\"><span class=\"wixui-rich-text__text\">Pani Agnieszka bardzo mi pomog\u0142a w nie tylko zrozumieniu matematyki i poprawieniu ocen, ale te\u017c w samych przygotowaniach do matury. Kontakt r\u00f3wnie\u017c by\u0142 bardzo dobry, w razie potrzeby podes\u0142ania zadania, kt\u00f3rego nie by\u0142am w stanie rozwi\u0105za\u0107 sama mog\u0142am liczy\u0107 na szybkie wyja\u015bnienie ze strony Pani Agnieszki drog\u0105 mailow\u0105. Szczerze polecam wszystkim, kt\u00f3rzy nie czuj\u0105 si\u0119 zbyt dobrze z nauk\u0105 matematyki \ud83d\ude00<\/span><\/p>\n<p class=\"font_9 wixui-rich-text__text\"><span class=\"wixui-rich-text__text\">&#8211; Julia K.<\/span><\/p>\n<p class=\"font_9 wixui-rich-text__text\"><span class=\"wixui-rich-text__text\"><span class=\"wixGuard wixui-rich-text__text\">\u200b<\/span><\/span><\/p>\n<p class=\"font_9 wixui-rich-text__text\"><span class=\"wixui-rich-text__text\">Serdecznie polecam zaj\u0119cia z Pani\u0105 Agnieszk\u0105. Matematyk\u0119 przekazuje z olbrzymi\u0105 pasj\u0105 i zaanga\u017cowaniem. Polecam z ca\u0142ego serca \u2665<\/span><\/p>\n<p class=\"font_9 wixui-rich-text__text\"><span class=\"wixui-rich-text__text\">&#8211; Ela H.<\/span><\/p>\n<p>\u00a0<\/p>\n<p class=\"font_9 wixui-rich-text__text\"><span class=\"wixui-rich-text__text\">Pasja do matematyki widoczna na ka\u017cdym etapie kontaktu z uczniem. <\/span><span class=\"wixui-rich-text__text\">Warto powierzy\u0107 t\u0142umaczenie zawi\u0142ych meandr\u00f3w matematycznych tej m\u0142odej osobie. Polecam<br class=\"wixui-rich-text__text\" \/>&#8211; Beata R.<\/span><\/p>\n<p class=\"font_9 wixui-rich-text__text\"><span class=\"wixui-rich-text__text\"><span class=\"wixGuard wixui-rich-text__text\">\u200b<\/span><\/span><\/p>\n<p class=\"font_9 wixui-rich-text__text\"><span class=\"wixui-rich-text__text\">Dzi\u0119ki tej mi\u0142ej Pani zda\u0142em matur\u0119 z \u0142atwo\u015bci\u0105, Polecam \ud83d\ude09<br class=\"wixui-rich-text__text\" \/>&#8211; Kacper \u015a.<\/span><br class=\"wixui-rich-text__text\" \/>\u00a0<\/p>\n<p class=\"font_9 wixui-rich-text__text\"><span class=\"wixui-rich-text__text\">Klarowny przekaz wiedzy na wysokim poziomie. Gor\u0105co polecam!<br class=\"wixui-rich-text__text\" \/>&#8211; Anna W.<\/span><br class=\"wixui-rich-text__text\" \/>\u00a0<\/p>\n<p class=\"font_9 wixui-rich-text__text\"><span class=\"wixui-rich-text__text\">Bardzo polecam pani\u0105 Agnieszk\u0119. \u015awietnie t\u0142umaczy, ma pozytywne nastawienie, tzw. trudny ucze\u0144 po lekcjach u niej odkrywa, \u017ce jednak matematyka nie jest taka z\u0142a \ud83d\ude42<br class=\"wixui-rich-text__text\" \/>&#8211; Agnieszka \u0141.<\/span><\/p>\n<p class=\"font_9 wixui-rich-text__text\"><span class=\"wixui-rich-text__text\"><span class=\"wixGuard wixui-rich-text__text\">\u200b<\/span><\/span><\/p>\n<p class=\"font_9 wixui-rich-text__text\"><span class=\"wixui-rich-text__text\">Wspania\u0142a nauczycielka, z ogromn\u0105 pasj\u0105 i cierpliwo\u015bci\u0105. Z Pani\u0105 Agnieszk\u0105 matematyka nie wydaje si\u0119 ju\u017c taka trudna. Gor\u0105co polecam \u2665<\/span><\/p>\n<p class=\"font_9 wixui-rich-text__text\"><span class=\"wixui-rich-text__text\">&#8211; Anna F.<\/span><\/p>\n<p class=\"font_9 wixui-rich-text__text\"><span class=\"wixui-rich-text__text\"><span class=\"wixGuard wixui-rich-text__text\">\u200b<\/span><\/span><\/p>\n<p class=\"font_9 wixui-rich-text__text\"><span class=\"wixui-rich-text__text\">C\u00f3rka by\u0142a bardzo zadowolona z zaj\u0119\u0107. Ch\u0119tnie wraca\u0142a i czu\u0142a pozytywn\u0105 energi\u0119 \ud83d\ude42 Pomimo wielu trudno\u015bci z samym przedmiotem \ud83d\ude42<\/span><\/p>\n<p class=\"font_9 wixui-rich-text__text\"><span class=\"wixui-rich-text__text\">&#8211; Anita S.<\/span><\/p>\n<p class=\"font_9 wixui-rich-text__text\"><span class=\"wixui-rich-text__text\"><span class=\"wixGuard wixui-rich-text__text\">\u200b<\/span><\/span><\/p>\n<p class=\"font_9 wixui-rich-text__text\"><span class=\"wixui-rich-text__text\">Polecam &#8222;Matematyk\u0119 na Wichrowym&#8221;, cierpliwa i motywuj\u0105ca nauczycielka, w kr\u00f3tkim czasie potrafi wyt\u0142umaczy\u0107 najbardziej zawi\u0142e zagadnienia.<\/span><\/p>\n<p class=\"font_9 wixui-rich-text__text\"><span class=\"wixui-rich-text__text\">&#8211; Ewelina D.<\/span><\/p>\n<p class=\"font_9 wixui-rich-text__text\"><span class=\"wixui-rich-text__text\"><span class=\"wixGuard wixui-rich-text__text\">\u200b<\/span><\/span><\/p>\n<p class=\"font_9 wixui-rich-text__text\"><span class=\"wixui-rich-text__text\">Cudowna nauczycielka z pasj\u0105 i oddaniem t\u0142umaczy zawi\u0142o\u015bci matematyki nawet najbardziej opornym. Moja c\u00f3rka z przyjemno\u015bci\u0105 ucz\u0119szcza\u0142a na zaj\u0119cia i dzi\u0119ki nim zacz\u0119\u0142a rozumie\u0107 matematyk\u0119. Gor\u0105co polecam<br class=\"wixui-rich-text__text\" \/>&#8211; Natalia J.<\/span><\/p>\n<p class=\"font_9 wixui-rich-text__text\"><span class=\"wixui-rich-text__text\"><span class=\"wixGuard wixui-rich-text__text\">\u200b<\/span><\/span><\/p>\n<p class=\"font_9 wixui-rich-text__text\"><span class=\"wixui-rich-text__text\">To co by\u0142o problemem, staje si\u0119 przyjemno\u015bci\u0105<\/span><\/p>\n<p class=\"font_9 wixui-rich-text__text\"><span class=\"wixui-rich-text__text\">&#8211; Karolina S.<\/span><\/p>\n<p class=\"font_9 wixui-rich-text__text\"><span class=\"wixui-rich-text__text\"><span class=\"wixGuard wixui-rich-text__text\">\u200b<\/span><\/span><\/p>\n<p class=\"font_9 wixui-rich-text__text\"><span class=\"wixui-rich-text__text\">Taka nauczycielka to skarb. Trafili\u015bmy z polecenia kole\u017canki i syn chodzi ju\u017c kilka lat. Bardzo sympatyczna Pani, syn zadowolony w ko\u0144cu polubi\u0142 matm\u0119! Polecamy<\/span><\/p>\n<p class=\"font_9 wixui-rich-text__text\"><span class=\"wixui-rich-text__text\">&#8211; Monika D.<\/span><\/p>\t\t\t\t\t\t<\/div>\n\t\t\t\t<\/div>\n\t\t\t\t<\/div>\n\t\t<div class=\"elementor-element elementor-element-64c334a7 e-con-full e-flex e-con e-parent\" data-id=\"64c334a7\" data-element_type=\"container\">\n\t\t\t\t<div class=\"elementor-element elementor-element-3ec4e43 elementor-widget-divider--view-line elementor-widget elementor-widget-divider\" data-id=\"3ec4e43\" data-element_type=\"widget\" data-widget_type=\"divider.default\">\n\t\t\t\t<div class=\"elementor-widget-container\">\n\t\t\t<style>\/*! elementor - v3.23.0 - 05-08-2024 *\/\n.elementor-widget-divider{--divider-border-style:none;--divider-border-width:1px;--divider-color:#0c0d0e;--divider-icon-size:20px;--divider-element-spacing:10px;--divider-pattern-height:24px;--divider-pattern-size:20px;--divider-pattern-url:none;--divider-pattern-repeat:repeat-x}.elementor-widget-divider .elementor-divider{display:flex}.elementor-widget-divider .elementor-divider__text{font-size:15px;line-height:1;max-width:95%}.elementor-widget-divider .elementor-divider__element{margin:0 var(--divider-element-spacing);flex-shrink:0}.elementor-widget-divider .elementor-icon{font-size:var(--divider-icon-size)}.elementor-widget-divider .elementor-divider-separator{display:flex;margin:0;direction:ltr}.elementor-widget-divider--view-line_icon .elementor-divider-separator,.elementor-widget-divider--view-line_text .elementor-divider-separator{align-items:center}.elementor-widget-divider--view-line_icon .elementor-divider-separator:after,.elementor-widget-divider--view-line_icon .elementor-divider-separator:before,.elementor-widget-divider--view-line_text .elementor-divider-separator:after,.elementor-widget-divider--view-line_text .elementor-divider-separator:before{display:block;content:\"\";border-block-end:0;flex-grow:1;border-block-start:var(--divider-border-width) var(--divider-border-style) var(--divider-color)}.elementor-widget-divider--element-align-left .elementor-divider .elementor-divider-separator>.elementor-divider__svg:first-of-type{flex-grow:0;flex-shrink:100}.elementor-widget-divider--element-align-left .elementor-divider-separator:before{content:none}.elementor-widget-divider--element-align-left .elementor-divider__element{margin-left:0}.elementor-widget-divider--element-align-right .elementor-divider .elementor-divider-separator>.elementor-divider__svg:last-of-type{flex-grow:0;flex-shrink:100}.elementor-widget-divider--element-align-right .elementor-divider-separator:after{content:none}.elementor-widget-divider--element-align-right .elementor-divider__element{margin-right:0}.elementor-widget-divider--element-align-start .elementor-divider .elementor-divider-separator>.elementor-divider__svg:first-of-type{flex-grow:0;flex-shrink:100}.elementor-widget-divider--element-align-start .elementor-divider-separator:before{content:none}.elementor-widget-divider--element-align-start .elementor-divider__element{margin-inline-start:0}.elementor-widget-divider--element-align-end .elementor-divider .elementor-divider-separator>.elementor-divider__svg:last-of-type{flex-grow:0;flex-shrink:100}.elementor-widget-divider--element-align-end .elementor-divider-separator:after{content:none}.elementor-widget-divider--element-align-end .elementor-divider__element{margin-inline-end:0}.elementor-widget-divider:not(.elementor-widget-divider--view-line_text):not(.elementor-widget-divider--view-line_icon) .elementor-divider-separator{border-block-start:var(--divider-border-width) var(--divider-border-style) var(--divider-color)}.elementor-widget-divider--separator-type-pattern{--divider-border-style:none}.elementor-widget-divider--separator-type-pattern.elementor-widget-divider--view-line .elementor-divider-separator,.elementor-widget-divider--separator-type-pattern:not(.elementor-widget-divider--view-line) .elementor-divider-separator:after,.elementor-widget-divider--separator-type-pattern:not(.elementor-widget-divider--view-line) .elementor-divider-separator:before,.elementor-widget-divider--separator-type-pattern:not([class*=elementor-widget-divider--view]) .elementor-divider-separator{width:100%;min-height:var(--divider-pattern-height);-webkit-mask-size:var(--divider-pattern-size) 100%;mask-size:var(--divider-pattern-size) 100%;-webkit-mask-repeat:var(--divider-pattern-repeat);mask-repeat:var(--divider-pattern-repeat);background-color:var(--divider-color);-webkit-mask-image:var(--divider-pattern-url);mask-image:var(--divider-pattern-url)}.elementor-widget-divider--no-spacing{--divider-pattern-size:auto}.elementor-widget-divider--bg-round{--divider-pattern-repeat:round}.rtl .elementor-widget-divider .elementor-divider__text{direction:rtl}.e-con-inner>.elementor-widget-divider,.e-con>.elementor-widget-divider{width:var(--container-widget-width,100%);--flex-grow:var(--container-widget-flex-grow)}<\/style>\t\t<div class=\"elementor-divider\">\n\t\t\t<span class=\"elementor-divider-separator\">\n\t\t\t\t\t\t<\/span>\n\t\t<\/div>\n\t\t\t\t<\/div>\n\t\t\t\t<\/div>\n\t\t\t\t<\/div>\n\t\t\t\t<\/div>\n\t\t","protected":false},"excerpt":{"rendered":"<p>Opinie Opinie Google \u00a0 Dzi\u0119ki zaj\u0119ciom z Pani\u0105 Agnieszk\u0105 c\u00f3rka zda\u0142a matur\u0119 z matematyki z bardzo dobrym wynikiem, a to z kolei umo\u017cliwi\u0142o jej studiowanie na wymarzonej (od dziecka) uczelni. Polecam! &#8211; Aneta J. \u200b Bardzo Pani dzi\u0119kuj\u0119 za zaj\u0119cia z synem &#8211; on bardzo polubi\u0142 te lekcje i cieszy go, \u017ce \u201eogarnia matm\u0119\u201d. To [&hellip;]<\/p>\n","protected":false},"author":1,"featured_media":0,"parent":0,"menu_order":0,"comment_status":"closed","ping_status":"closed","template":"","meta":{"footnotes":""},"class_list":["post-67","page","type-page","status-publish","hentry"],"_links":{"self":[{"href":"https:\/\/matematykanawrzosowej.com\/index.php\/wp-json\/wp\/v2\/pages\/67","targetHints":{"allow":["GET"]}}],"collection":[{"href":"https:\/\/matematykanawrzosowej.com\/index.php\/wp-json\/wp\/v2\/pages"}],"about":[{"href":"https:\/\/matematykanawrzosowej.com\/index.php\/wp-json\/wp\/v2\/types\/page"}],"author":[{"embeddable":true,"href":"https:\/\/matematykanawrzosowej.com\/index.php\/wp-json\/wp\/v2\/users\/1"}],"replies":[{"embeddable":true,"href":"https:\/\/matematykanawrzosowej.com\/index.php\/wp-json\/wp\/v2\/comments?post=67"}],"version-history":[{"count":13,"href":"https:\/\/matematykanawrzosowej.com\/index.php\/wp-json\/wp\/v2\/pages\/67\/revisions"}],"predecessor-version":[{"id":1443,"href":"https:\/\/matematykanawrzosowej.com\/index.php\/wp-json\/wp\/v2\/pages\/67\/revisions\/1443"}],"wp:attachment":[{"href":"https:\/\/matematykanawrzosowej.com\/index.php\/wp-json\/wp\/v2\/media?parent=67"}],"curies":[{"name":"wp","href":"https:\/\/api.w.org\/{rel}","templated":true}]}}