{"id":57,"date":"2024-07-05T14:47:39","date_gmt":"2024-07-05T14:47:39","guid":{"rendered":"https:\/\/matematykanawrzosowej.com\/?page_id=57"},"modified":"2024-08-13T21:58:21","modified_gmt":"2024-08-13T21:58:21","slug":"terapia-reki","status":"publish","type":"page","link":"https:\/\/matematykanawrzosowej.com\/index.php\/terapia-reki\/","title":{"rendered":"Terapia r\u0119ki"},"content":{"rendered":"\t\t<div data-elementor-type=\"wp-page\" data-elementor-id=\"57\" class=\"elementor elementor-57\">\n\t\t\t\t<div class=\"elementor-element elementor-element-45f5b515 e-con-full e-flex e-con e-parent\" data-id=\"45f5b515\" data-element_type=\"container\" data-settings=\"{&quot;background_background&quot;:&quot;classic&quot;}\">\n\t\t\t\t<div class=\"elementor-element elementor-element-6a73645a elementor-widget elementor-widget-heading\" data-id=\"6a73645a\" data-element_type=\"widget\" data-widget_type=\"heading.default\">\n\t\t\t\t<div class=\"elementor-widget-container\">\n\t\t\t<style>\/*! elementor - v3.23.0 - 05-08-2024 *\/\n.elementor-heading-title{padding:0;margin:0;line-height:1}.elementor-widget-heading .elementor-heading-title[class*=elementor-size-]>a{color:inherit;font-size:inherit;line-height:inherit}.elementor-widget-heading .elementor-heading-title.elementor-size-small{font-size:15px}.elementor-widget-heading .elementor-heading-title.elementor-size-medium{font-size:19px}.elementor-widget-heading .elementor-heading-title.elementor-size-large{font-size:29px}.elementor-widget-heading .elementor-heading-title.elementor-size-xl{font-size:39px}.elementor-widget-heading .elementor-heading-title.elementor-size-xxl{font-size:59px}<\/style><h1 class=\"elementor-heading-title elementor-size-default\">Terapia r\u0119ki<\/h1>\t\t<\/div>\n\t\t\t\t<\/div>\n\t\t\t\t<\/div>\n\t\t<div class=\"elementor-element elementor-element-6faa93c1 e-con-full e-flex e-con e-parent\" data-id=\"6faa93c1\" data-element_type=\"container\">\n\t\t\t\t<div class=\"elementor-element elementor-element-1b000e42 elementor-widget elementor-widget-text-editor\" data-id=\"1b000e42\" data-element_type=\"widget\" data-widget_type=\"text-editor.default\">\n\t\t\t\t<div class=\"elementor-widget-container\">\n\t\t\t<style>\/*! elementor - v3.23.0 - 05-08-2024 *\/\n.elementor-widget-text-editor.elementor-drop-cap-view-stacked .elementor-drop-cap{background-color:#69727d;color:#fff}.elementor-widget-text-editor.elementor-drop-cap-view-framed .elementor-drop-cap{color:#69727d;border:3px solid;background-color:transparent}.elementor-widget-text-editor:not(.elementor-drop-cap-view-default) .elementor-drop-cap{margin-top:8px}.elementor-widget-text-editor:not(.elementor-drop-cap-view-default) .elementor-drop-cap-letter{width:1em;height:1em}.elementor-widget-text-editor .elementor-drop-cap{float:left;text-align:center;line-height:1;font-size:50px}.elementor-widget-text-editor .elementor-drop-cap-letter{display:inline-block}<\/style>\t\t\t\t<p class=\"font_9 wixui-rich-text__text\"><!-- wp:heading --><\/p>\n<div id=\"bgLayers_comp-lwb0j0zy4\" class=\"MW5IWV\" data-hook=\"bgLayers\" data-motion-part=\"BG_LAYER\">\n<div id=\"bgMedia_comp-lwb0j0zy4\" class=\"VgO9Yg\" data-motion-part=\"BG_MEDIA\"><strong>Kierowana jest dla Dzieci:<\/strong><\/div>\n<\/div>\t\t\t\t\t\t<\/div>\n\t\t\t\t<\/div>\n\t\t\t\t<div class=\"elementor-element elementor-element-6634d3fd elementor-widget elementor-widget-text-editor\" data-id=\"6634d3fd\" data-element_type=\"widget\" data-widget_type=\"text-editor.default\">\n\t\t\t\t<div class=\"elementor-widget-container\">\n\t\t\t\t\t\t\t<ul>\n<li class=\"font_9 wixui-rich-text__text\"><span class=\"wixui-rich-text__text\">maj\u0105 trudno\u015bci z nabywaniem nowych umiej\u0119tno\u015bci manualnych i manipulacyjnych<\/span><\/li>\n<li><span class=\"wixui-rich-text__text\">maj\u0105 trudno\u015bci grafomotoryczne<\/span><\/li>\n<li><span class=\"wixui-rich-text__text\">maj\u0105 problemy z wykonywaniem ruch\u00f3w precyzyjnych d\u0142oni i palc\u00f3w, np. nie lubi\u0105 wycina\u0107, kolorowa\u0107<\/span><\/li>\n<li><span class=\"wixui-rich-text__text\">maj\u0105 trudno\u015bci b\u0105d\u017a czuj\u0105 niech\u0119\u0107 do nauki czynno\u015bci samoobs\u0142ugi, np. ubierania si\u0119, wi\u0105zania sznurowade\u0142, korzystania ze sztu\u0107c\u00f3w podczas posi\u0142k\u00f3w<\/span><\/li>\n<li><span class=\"wixui-rich-text__text\"> maj\u0105 r\u00f3\u017cnego rodzaju nadwra\u017cliwo\u015bci sensoryczne, np. nie lubi\u0105 dotyka\u0107 nowych, r\u00f3\u017cnorodnych faktur<\/span><\/li>\n<li><span class=\"wixui-rich-text__text\">maj\u0105 problemy z koordynacj\u0105 ruch\u00f3w r\u0105k podczas wykonywania codziennych czynno\u015bci<\/span><\/li>\n<li><span class=\"wixui-rich-text__text\"> borykaj\u0105 si\u0119 z os\u0142abieniem koordynacji ruchowej i mechanizm\u00f3w r\u00f3wnowa\u017cnych, np. maj\u0105 trudno\u015bci z jazd\u0105 na rowerze<\/span><\/li>\n<li><span class=\"wixui-rich-text__text\"> maj\u0105 k\u0142opot z koordynacj\u0105 wzrokowo\u2013ruchow\u0105;<\/span><\/li>\n<li><span class=\"wixui-rich-text__text\"> maj\u0105 du\u017ce trudno\u015bci z dostosowaniem si\u0142y do okre\u015blonego zadania ruchowego<\/span><\/li>\n<li><span class=\"wixui-rich-text__text\">domagaj\u0105 si\u0119 mocniejszego ucisku d\u0142oni<\/span><\/li>\n<li><span class=\"wixui-rich-text__text\">charakteryzuj\u0105 si\u0119 niskim poziomem graficznym pisma, prac plastycznych<\/span><\/li>\n<li><span class=\"wixui-rich-text__text\">maj\u0105 zdecydowanie obni\u017cone lub wzmo\u017cone napi\u0119cie mi\u0119\u015bniowe w obr\u0119bie ko\u0144czyny g\u00f3rnej <br>i obr\u0119czy barkowej<\/span><\/li>\n<\/ul>\t\t\t\t\t\t<\/div>\n\t\t\t\t<\/div>\n\t\t\t\t<\/div>\n\t\t<div class=\"elementor-element elementor-element-5b200287 e-con-full e-flex e-con e-parent\" data-id=\"5b200287\" data-element_type=\"container\">\n\t\t\t\t<div class=\"elementor-element elementor-element-44581419 elementor-widget__width-initial elementor-widget elementor-widget-text-editor\" data-id=\"44581419\" data-element_type=\"widget\" data-widget_type=\"text-editor.default\">\n\t\t\t\t<div class=\"elementor-widget-container\">\n\t\t\t\t\t\t\t<p class=\"font_9 wixui-rich-text__text\"><!-- wp:heading --><\/p>\n<section id=\"comp-lljqjjy2\" class=\"comp-lljqjjy2 CohWsy wixui-column-strip\">\n<div class=\"V5AUxf\" data-testid=\"columns\">\n<div id=\"comp-lljqjjy3\" class=\"comp-lljqjjy3 YzqVVZ wixui-column-strip__column\">\n<div class=\"\" data-mesh-id=\"comp-lljqjjy3inlineContent\" data-testid=\"inline-content\">\n<div data-mesh-id=\"comp-lljqjjy3inlineContent-gridContainer\" data-testid=\"mesh-container-content\">\n<div id=\"comp-lltb12g2\" class=\"HcOXKn c9GqVL QxJLC3 comp-lltb12g2 wixui-rich-text\" data-testid=\"richTextElement\">\n<p class=\"font_9 wixui-rich-text__text\"><strong><span class=\"wixui-rich-text__text\" style=\"color: red;\">Terapia r\u0119ki:<br \/><\/span><\/strong><br \/><strong><span class=\"wixui-rich-text__text\" style=\"color: black;\">Brak miejsc w roku szkolnym 2024\/2025<\/span><\/strong><\/p>\n<\/div>\n<\/div>\n<\/div>\n<\/div>\n<\/div>\n<\/section>\t\t\t\t\t\t<\/div>\n\t\t\t\t<\/div>\n\t\t\t\t<div class=\"elementor-element elementor-element-2128d812 elementor-widget-divider--view-line elementor-widget elementor-widget-divider\" data-id=\"2128d812\" data-element_type=\"widget\" data-widget_type=\"divider.default\">\n\t\t\t\t<div class=\"elementor-widget-container\">\n\t\t\t<style>\/*! elementor - v3.23.0 - 05-08-2024 *\/\n.elementor-widget-divider{--divider-border-style:none;--divider-border-width:1px;--divider-color:#0c0d0e;--divider-icon-size:20px;--divider-element-spacing:10px;--divider-pattern-height:24px;--divider-pattern-size:20px;--divider-pattern-url:none;--divider-pattern-repeat:repeat-x}.elementor-widget-divider .elementor-divider{display:flex}.elementor-widget-divider .elementor-divider__text{font-size:15px;line-height:1;max-width:95%}.elementor-widget-divider .elementor-divider__element{margin:0 var(--divider-element-spacing);flex-shrink:0}.elementor-widget-divider .elementor-icon{font-size:var(--divider-icon-size)}.elementor-widget-divider .elementor-divider-separator{display:flex;margin:0;direction:ltr}.elementor-widget-divider--view-line_icon .elementor-divider-separator,.elementor-widget-divider--view-line_text .elementor-divider-separator{align-items:center}.elementor-widget-divider--view-line_icon .elementor-divider-separator:after,.elementor-widget-divider--view-line_icon .elementor-divider-separator:before,.elementor-widget-divider--view-line_text .elementor-divider-separator:after,.elementor-widget-divider--view-line_text .elementor-divider-separator:before{display:block;content:\"\";border-block-end:0;flex-grow:1;border-block-start:var(--divider-border-width) var(--divider-border-style) var(--divider-color)}.elementor-widget-divider--element-align-left .elementor-divider .elementor-divider-separator>.elementor-divider__svg:first-of-type{flex-grow:0;flex-shrink:100}.elementor-widget-divider--element-align-left .elementor-divider-separator:before{content:none}.elementor-widget-divider--element-align-left .elementor-divider__element{margin-left:0}.elementor-widget-divider--element-align-right .elementor-divider .elementor-divider-separator>.elementor-divider__svg:last-of-type{flex-grow:0;flex-shrink:100}.elementor-widget-divider--element-align-right .elementor-divider-separator:after{content:none}.elementor-widget-divider--element-align-right .elementor-divider__element{margin-right:0}.elementor-widget-divider--element-align-start .elementor-divider .elementor-divider-separator>.elementor-divider__svg:first-of-type{flex-grow:0;flex-shrink:100}.elementor-widget-divider--element-align-start .elementor-divider-separator:before{content:none}.elementor-widget-divider--element-align-start .elementor-divider__element{margin-inline-start:0}.elementor-widget-divider--element-align-end .elementor-divider .elementor-divider-separator>.elementor-divider__svg:last-of-type{flex-grow:0;flex-shrink:100}.elementor-widget-divider--element-align-end .elementor-divider-separator:after{content:none}.elementor-widget-divider--element-align-end .elementor-divider__element{margin-inline-end:0}.elementor-widget-divider:not(.elementor-widget-divider--view-line_text):not(.elementor-widget-divider--view-line_icon) .elementor-divider-separator{border-block-start:var(--divider-border-width) var(--divider-border-style) var(--divider-color)}.elementor-widget-divider--separator-type-pattern{--divider-border-style:none}.elementor-widget-divider--separator-type-pattern.elementor-widget-divider--view-line .elementor-divider-separator,.elementor-widget-divider--separator-type-pattern:not(.elementor-widget-divider--view-line) .elementor-divider-separator:after,.elementor-widget-divider--separator-type-pattern:not(.elementor-widget-divider--view-line) .elementor-divider-separator:before,.elementor-widget-divider--separator-type-pattern:not([class*=elementor-widget-divider--view]) .elementor-divider-separator{width:100%;min-height:var(--divider-pattern-height);-webkit-mask-size:var(--divider-pattern-size) 100%;mask-size:var(--divider-pattern-size) 100%;-webkit-mask-repeat:var(--divider-pattern-repeat);mask-repeat:var(--divider-pattern-repeat);background-color:var(--divider-color);-webkit-mask-image:var(--divider-pattern-url);mask-image:var(--divider-pattern-url)}.elementor-widget-divider--no-spacing{--divider-pattern-size:auto}.elementor-widget-divider--bg-round{--divider-pattern-repeat:round}.rtl .elementor-widget-divider .elementor-divider__text{direction:rtl}.e-con-inner>.elementor-widget-divider,.e-con>.elementor-widget-divider{width:var(--container-widget-width,100%);--flex-grow:var(--container-widget-flex-grow)}<\/style>\t\t<div class=\"elementor-divider\">\n\t\t\t<span class=\"elementor-divider-separator\">\n\t\t\t\t\t\t<\/span>\n\t\t<\/div>\n\t\t\t\t<\/div>\n\t\t\t\t<\/div>\n\t\t\t\t<\/div>\n\t\t\t\t<\/div>\n\t\t","protected":false},"excerpt":{"rendered":"<p>Kierowana jest dla Dzieci: maj\u0105 trudno\u015bci z nabywaniem nowych umiej\u0119tno\u015bci manualnych i manipulacyjnych maj\u0105 trudno\u015bci grafomotoryczne maj\u0105 problemy z wykonywaniem ruch\u00f3w precyzyjnych d\u0142oni i palc\u00f3w, np. nie lubi\u0105 wycina\u0107, kolorowa\u0107 maj\u0105 trudno\u015bci b\u0105d\u017a czuj\u0105 niech\u0119\u0107 do nauki czynno\u015bci samoobs\u0142ugi, np. ubierania si\u0119, wi\u0105zania sznurowade\u0142, korzystania ze sztu\u0107c\u00f3w podczas posi\u0142k\u00f3w maj\u0105 r\u00f3\u017cnego rodzaju nadwra\u017cliwo\u015bci sensoryczne, np. [&hellip;]<\/p>\n","protected":false},"author":1,"featured_media":0,"parent":0,"menu_order":0,"comment_status":"closed","ping_status":"closed","template":"","meta":{"footnotes":""},"class_list":["post-57","page","type-page","status-publish","hentry"],"_links":{"self":[{"href":"https:\/\/matematykanawrzosowej.com\/index.php\/wp-json\/wp\/v2\/pages\/57","targetHints":{"allow":["GET"]}}],"collection":[{"href":"https:\/\/matematykanawrzosowej.com\/index.php\/wp-json\/wp\/v2\/pages"}],"about":[{"href":"https:\/\/matematykanawrzosowej.com\/index.php\/wp-json\/wp\/v2\/types\/page"}],"author":[{"embeddable":true,"href":"https:\/\/matematykanawrzosowej.com\/index.php\/wp-json\/wp\/v2\/users\/1"}],"replies":[{"embeddable":true,"href":"https:\/\/matematykanawrzosowej.com\/index.php\/wp-json\/wp\/v2\/comments?post=57"}],"version-history":[{"count":7,"href":"https:\/\/matematykanawrzosowej.com\/index.php\/wp-json\/wp\/v2\/pages\/57\/revisions"}],"predecessor-version":[{"id":169,"href":"https:\/\/matematykanawrzosowej.com\/index.php\/wp-json\/wp\/v2\/pages\/57\/revisions\/169"}],"wp:attachment":[{"href":"https:\/\/matematykanawrzosowej.com\/index.php\/wp-json\/wp\/v2\/media?parent=57"}],"curies":[{"name":"wp","href":"https:\/\/api.w.org\/{rel}","templated":true}]}}