{"id":5,"date":"2024-07-05T14:38:19","date_gmt":"2024-07-05T14:38:19","guid":{"rendered":"https:\/\/matematykanawrzosowej.com\/?page_id=5"},"modified":"2026-02-23T21:09:00","modified_gmt":"2026-02-23T21:09:00","slug":"home","status":"publish","type":"page","link":"https:\/\/matematykanawrzosowej.com\/","title":{"rendered":"Home"},"content":{"rendered":"\t\t<div data-elementor-type=\"wp-page\" data-elementor-id=\"5\" class=\"elementor elementor-5\">\n\t\t\t\t<div class=\"elementor-element elementor-element-48d6cef7 e-flex e-con-boxed e-con e-parent\" data-id=\"48d6cef7\" data-element_type=\"container\">\n\t\t\t\t\t<div class=\"e-con-inner\">\n\t\t\t\t<div class=\"elementor-element elementor-element-45cb7a43 elementor-widget elementor-widget-text-editor\" data-id=\"45cb7a43\" data-element_type=\"widget\" data-widget_type=\"text-editor.default\">\n\t\t\t\t<div class=\"elementor-widget-container\">\n\t\t\t<style>\/*! elementor - v3.23.0 - 05-08-2024 *\/\n.elementor-widget-text-editor.elementor-drop-cap-view-stacked .elementor-drop-cap{background-color:#69727d;color:#fff}.elementor-widget-text-editor.elementor-drop-cap-view-framed .elementor-drop-cap{color:#69727d;border:3px solid;background-color:transparent}.elementor-widget-text-editor:not(.elementor-drop-cap-view-default) .elementor-drop-cap{margin-top:8px}.elementor-widget-text-editor:not(.elementor-drop-cap-view-default) .elementor-drop-cap-letter{width:1em;height:1em}.elementor-widget-text-editor .elementor-drop-cap{float:left;text-align:center;line-height:1;font-size:50px}.elementor-widget-text-editor .elementor-drop-cap-letter{display:inline-block}<\/style>\t\t\t\t<!-- wp:paragraph -->\n<p><\/p>\n<!-- \/wp:paragraph -->\n\n<!-- wp:navigation {\"ref\":4} \/-->\t\t\t\t\t\t<\/div>\n\t\t\t\t<\/div>\n\t\t\t\t\t<\/div>\n\t\t\t\t<\/div>\n\t\t<div class=\"elementor-element elementor-element-464395ce e-con-full e-flex e-con e-parent\" data-id=\"464395ce\" data-element_type=\"container\">\n\t\t\t\t<div class=\"elementor-element elementor-element-25fc8b77 elementor-widget elementor-widget-image\" data-id=\"25fc8b77\" data-element_type=\"widget\" data-widget_type=\"image.default\">\n\t\t\t\t<div class=\"elementor-widget-container\">\n\t\t\t<style>\/*! elementor - v3.23.0 - 05-08-2024 *\/\n.elementor-widget-image{text-align:center}.elementor-widget-image a{display:inline-block}.elementor-widget-image a img[src$=\".svg\"]{width:48px}.elementor-widget-image img{vertical-align:middle;display:inline-block}<\/style>\t\t\t\t\t\t\t\t\t\t<img fetchpriority=\"high\" decoding=\"async\" width=\"940\" height=\"788\" src=\"https:\/\/matematykanawrzosowej.com\/wp-content\/uploads\/2026\/02\/00strona-1.png\" class=\"attachment-2048x2048 size-2048x2048 wp-image-2845\" alt=\"\" srcset=\"https:\/\/matematykanawrzosowej.com\/wp-content\/uploads\/2026\/02\/00strona-1.png 940w, https:\/\/matematykanawrzosowej.com\/wp-content\/uploads\/2026\/02\/00strona-1-300x251.png 300w, https:\/\/matematykanawrzosowej.com\/wp-content\/uploads\/2026\/02\/00strona-1-768x644.png 768w\" sizes=\"(max-width: 940px) 100vw, 940px\" \/>\t\t\t\t\t\t\t\t\t\t\t\t\t<\/div>\n\t\t\t\t<\/div>\n\t\t\t\t<\/div>\n\t\t<div class=\"elementor-element elementor-element-3b71173e e-con-full e-flex e-con e-parent\" data-id=\"3b71173e\" data-element_type=\"container\">\n\t\t\t\t<div class=\"elementor-element elementor-element-3c01f40f elementor-widget elementor-widget-text-editor\" data-id=\"3c01f40f\" data-element_type=\"widget\" data-widget_type=\"text-editor.default\">\n\t\t\t\t<div class=\"elementor-widget-container\">\n\t\t\t\t\t\t\t<p><span style=\"font-weight: 400; color: red;\"> Czy kiedykolwiek mia\u0142e\u015b trudno\u015bci ze zrozumieniem matematyki<br \/>i czu\u0142e\u015b si\u0119 przyt\u0142oczony przed lekcjami? <\/span> <br \/><br \/><\/p>\n<p><span style=\"font-weight: 400;\"> Je\u015bli zastanawiasz si\u0119, czy istnieje spos\u00f3b na popraw\u0119 swoich wynik\u00f3w<br \/>i zrozumienie matematyki lepiej, to dobrze trafi\u0142e\u015b. <\/span> <br \/><br \/><\/p>\n<p><span style=\"font-weight: 400;\"> Indywidualne lekcje s\u0105 zaprojektowane tak, aby pom\u00f3c Ci prze\u0142ama\u0107 trudno\u015bci i cieszy\u0107 si\u0119 nauk\u0105 matematyki. <\/span> <br \/><br \/><\/p>\n<p><span style=\"font-weight: 400;\"> Zaj\u0119cia jeden na jeden pozwalaj\u0105 mi dok\u0142adnie zrozumie\u0107 Twoje potrzeby i dostosowa\u0107 materia\u0142 do Twojego tempa oraz stylu uczenia si\u0119. <\/span> <br \/><br \/><\/p>\n<p><span style=\"font-weight: 400;\"> Podczas zaj\u0119\u0107 krok po kroku pomog\u0119 przebrn\u0105\u0107 Ci przez trudne zagadnienia, ucz\u0105c Ci\u0119, jak podej\u015b\u0107 do nich w spos\u00f3b prosty i zrozumia\u0142y. <\/span> <br \/><br \/><\/p>\n<p><span style=\"font-weight: 400;\"> Jako osoba z wieloletnim do\u015bwiadczeniem, specjalizuj\u0119 si\u0119 w pomocy uczniom na ka\u017cdym etapie edukacji \u2013 od zaj\u0119\u0107 przedszkolnych a\u017c po przygotowanie do egzamin\u00f3w maturalnych. <\/span><\/p>\n<p><span style=\"font-weight: 400;\"> Zapewniam cierpliwo\u015b\u0107, zrozumienie i indywidualne podej\u015bcie do ka\u017cdego ucznia, dzi\u0119ki czemu osi\u0105gni\u0119cie sukces\u00f3w w matematyce staje si\u0119 mo\u017cliwe i satysfakcjonuj\u0105ce. <\/span> <br \/><br \/><\/p>\n<p><span style=\"font-weight: 400; color: red;\"> Odkryj, jak matematyka mo\u017ce by\u0107 ekscytuj\u0105c\u0105 przygod\u0105! <\/span><\/p>\t\t\t\t\t\t<\/div>\n\t\t\t\t<\/div>\n\t\t\t\t<div class=\"elementor-element elementor-element-6c82ed11 elementor-widget-divider--view-line elementor-widget elementor-widget-divider\" data-id=\"6c82ed11\" data-element_type=\"widget\" data-widget_type=\"divider.default\">\n\t\t\t\t<div class=\"elementor-widget-container\">\n\t\t\t<style>\/*! elementor - v3.23.0 - 05-08-2024 *\/\n.elementor-widget-divider{--divider-border-style:none;--divider-border-width:1px;--divider-color:#0c0d0e;--divider-icon-size:20px;--divider-element-spacing:10px;--divider-pattern-height:24px;--divider-pattern-size:20px;--divider-pattern-url:none;--divider-pattern-repeat:repeat-x}.elementor-widget-divider .elementor-divider{display:flex}.elementor-widget-divider .elementor-divider__text{font-size:15px;line-height:1;max-width:95%}.elementor-widget-divider .elementor-divider__element{margin:0 var(--divider-element-spacing);flex-shrink:0}.elementor-widget-divider .elementor-icon{font-size:var(--divider-icon-size)}.elementor-widget-divider .elementor-divider-separator{display:flex;margin:0;direction:ltr}.elementor-widget-divider--view-line_icon .elementor-divider-separator,.elementor-widget-divider--view-line_text .elementor-divider-separator{align-items:center}.elementor-widget-divider--view-line_icon .elementor-divider-separator:after,.elementor-widget-divider--view-line_icon .elementor-divider-separator:before,.elementor-widget-divider--view-line_text .elementor-divider-separator:after,.elementor-widget-divider--view-line_text .elementor-divider-separator:before{display:block;content:\"\";border-block-end:0;flex-grow:1;border-block-start:var(--divider-border-width) var(--divider-border-style) var(--divider-color)}.elementor-widget-divider--element-align-left .elementor-divider .elementor-divider-separator>.elementor-divider__svg:first-of-type{flex-grow:0;flex-shrink:100}.elementor-widget-divider--element-align-left .elementor-divider-separator:before{content:none}.elementor-widget-divider--element-align-left .elementor-divider__element{margin-left:0}.elementor-widget-divider--element-align-right .elementor-divider .elementor-divider-separator>.elementor-divider__svg:last-of-type{flex-grow:0;flex-shrink:100}.elementor-widget-divider--element-align-right .elementor-divider-separator:after{content:none}.elementor-widget-divider--element-align-right .elementor-divider__element{margin-right:0}.elementor-widget-divider--element-align-start .elementor-divider .elementor-divider-separator>.elementor-divider__svg:first-of-type{flex-grow:0;flex-shrink:100}.elementor-widget-divider--element-align-start .elementor-divider-separator:before{content:none}.elementor-widget-divider--element-align-start .elementor-divider__element{margin-inline-start:0}.elementor-widget-divider--element-align-end .elementor-divider .elementor-divider-separator>.elementor-divider__svg:last-of-type{flex-grow:0;flex-shrink:100}.elementor-widget-divider--element-align-end .elementor-divider-separator:after{content:none}.elementor-widget-divider--element-align-end .elementor-divider__element{margin-inline-end:0}.elementor-widget-divider:not(.elementor-widget-divider--view-line_text):not(.elementor-widget-divider--view-line_icon) .elementor-divider-separator{border-block-start:var(--divider-border-width) var(--divider-border-style) var(--divider-color)}.elementor-widget-divider--separator-type-pattern{--divider-border-style:none}.elementor-widget-divider--separator-type-pattern.elementor-widget-divider--view-line .elementor-divider-separator,.elementor-widget-divider--separator-type-pattern:not(.elementor-widget-divider--view-line) .elementor-divider-separator:after,.elementor-widget-divider--separator-type-pattern:not(.elementor-widget-divider--view-line) .elementor-divider-separator:before,.elementor-widget-divider--separator-type-pattern:not([class*=elementor-widget-divider--view]) .elementor-divider-separator{width:100%;min-height:var(--divider-pattern-height);-webkit-mask-size:var(--divider-pattern-size) 100%;mask-size:var(--divider-pattern-size) 100%;-webkit-mask-repeat:var(--divider-pattern-repeat);mask-repeat:var(--divider-pattern-repeat);background-color:var(--divider-color);-webkit-mask-image:var(--divider-pattern-url);mask-image:var(--divider-pattern-url)}.elementor-widget-divider--no-spacing{--divider-pattern-size:auto}.elementor-widget-divider--bg-round{--divider-pattern-repeat:round}.rtl .elementor-widget-divider .elementor-divider__text{direction:rtl}.e-con-inner>.elementor-widget-divider,.e-con>.elementor-widget-divider{width:var(--container-widget-width,100%);--flex-grow:var(--container-widget-flex-grow)}<\/style>\t\t<div class=\"elementor-divider\">\n\t\t\t<span class=\"elementor-divider-separator\">\n\t\t\t\t\t\t<\/span>\n\t\t<\/div>\n\t\t\t\t<\/div>\n\t\t\t\t<\/div>\n\t\t\t\t<\/div>\n\t\t\t\t<\/div>\n\t\t","protected":false},"excerpt":{"rendered":"<p>Czy kiedykolwiek mia\u0142e\u015b trudno\u015bci ze zrozumieniem matematykii czu\u0142e\u015b si\u0119 przyt\u0142oczony przed lekcjami? Je\u015bli zastanawiasz si\u0119, czy istnieje spos\u00f3b na popraw\u0119 swoich wynik\u00f3wi zrozumienie matematyki lepiej, to dobrze trafi\u0142e\u015b. Indywidualne lekcje s\u0105 zaprojektowane tak, aby pom\u00f3c Ci prze\u0142ama\u0107 trudno\u015bci i cieszy\u0107 si\u0119 nauk\u0105 matematyki. Zaj\u0119cia jeden na jeden pozwalaj\u0105 mi dok\u0142adnie zrozumie\u0107 Twoje potrzeby i dostosowa\u0107 [&hellip;]<\/p>\n","protected":false},"author":1,"featured_media":0,"parent":0,"menu_order":0,"comment_status":"closed","ping_status":"closed","template":"","meta":{"footnotes":""},"class_list":["post-5","page","type-page","status-publish","hentry"],"_links":{"self":[{"href":"https:\/\/matematykanawrzosowej.com\/index.php\/wp-json\/wp\/v2\/pages\/5","targetHints":{"allow":["GET"]}}],"collection":[{"href":"https:\/\/matematykanawrzosowej.com\/index.php\/wp-json\/wp\/v2\/pages"}],"about":[{"href":"https:\/\/matematykanawrzosowej.com\/index.php\/wp-json\/wp\/v2\/types\/page"}],"author":[{"embeddable":true,"href":"https:\/\/matematykanawrzosowej.com\/index.php\/wp-json\/wp\/v2\/users\/1"}],"replies":[{"embeddable":true,"href":"https:\/\/matematykanawrzosowej.com\/index.php\/wp-json\/wp\/v2\/comments?post=5"}],"version-history":[{"count":55,"href":"https:\/\/matematykanawrzosowej.com\/index.php\/wp-json\/wp\/v2\/pages\/5\/revisions"}],"predecessor-version":[{"id":2947,"href":"https:\/\/matematykanawrzosowej.com\/index.php\/wp-json\/wp\/v2\/pages\/5\/revisions\/2947"}],"wp:attachment":[{"href":"https:\/\/matematykanawrzosowej.com\/index.php\/wp-json\/wp\/v2\/media?parent=5"}],"curies":[{"name":"wp","href":"https:\/\/api.w.org\/{rel}","templated":true}]}}