{"id":38,"date":"2024-07-05T14:46:00","date_gmt":"2024-07-05T14:46:00","guid":{"rendered":"https:\/\/matematykanawrzosowej.com\/?page_id=38"},"modified":"2026-02-23T21:07:50","modified_gmt":"2026-02-23T21:07:50","slug":"kogo-ucze","status":"publish","type":"page","link":"https:\/\/matematykanawrzosowej.com\/index.php\/kogo-ucze\/","title":{"rendered":"Kogo ucz\u0119?"},"content":{"rendered":"\t\t<div data-elementor-type=\"wp-page\" data-elementor-id=\"38\" class=\"elementor elementor-38\">\n\t\t\t\t<div class=\"elementor-element elementor-element-66e18442 e-con-full e-flex e-con e-parent\" data-id=\"66e18442\" data-element_type=\"container\" data-settings=\"{&quot;background_background&quot;:&quot;classic&quot;}\">\n\t\t\t\t<div class=\"elementor-element elementor-element-4699ebb7 elementor-widget elementor-widget-heading\" data-id=\"4699ebb7\" data-element_type=\"widget\" data-widget_type=\"heading.default\">\n\t\t\t\t<div class=\"elementor-widget-container\">\n\t\t\t<style>\/*! elementor - v3.23.0 - 05-08-2024 *\/\n.elementor-heading-title{padding:0;margin:0;line-height:1}.elementor-widget-heading .elementor-heading-title[class*=elementor-size-]>a{color:inherit;font-size:inherit;line-height:inherit}.elementor-widget-heading .elementor-heading-title.elementor-size-small{font-size:15px}.elementor-widget-heading .elementor-heading-title.elementor-size-medium{font-size:19px}.elementor-widget-heading .elementor-heading-title.elementor-size-large{font-size:29px}.elementor-widget-heading .elementor-heading-title.elementor-size-xl{font-size:39px}.elementor-widget-heading .elementor-heading-title.elementor-size-xxl{font-size:59px}<\/style><h1 class=\"elementor-heading-title elementor-size-default\">Kogo ucz\u0119?<\/h1>\t\t<\/div>\n\t\t\t\t<\/div>\n\t\t\t\t<\/div>\n\t\t<div class=\"elementor-element elementor-element-82aac45 e-flex e-con-boxed e-con e-parent\" data-id=\"82aac45\" data-element_type=\"container\">\n\t\t\t\t\t<div class=\"e-con-inner\">\n\t\t\t\t<div class=\"elementor-element elementor-element-e8fa1d3 elementor-widget elementor-widget-text-editor\" data-id=\"e8fa1d3\" data-element_type=\"widget\" data-widget_type=\"text-editor.default\">\n\t\t\t\t<div class=\"elementor-widget-container\">\n\t\t\t<style>\/*! elementor - v3.23.0 - 05-08-2024 *\/\n.elementor-widget-text-editor.elementor-drop-cap-view-stacked .elementor-drop-cap{background-color:#69727d;color:#fff}.elementor-widget-text-editor.elementor-drop-cap-view-framed .elementor-drop-cap{color:#69727d;border:3px solid;background-color:transparent}.elementor-widget-text-editor:not(.elementor-drop-cap-view-default) .elementor-drop-cap{margin-top:8px}.elementor-widget-text-editor:not(.elementor-drop-cap-view-default) .elementor-drop-cap-letter{width:1em;height:1em}.elementor-widget-text-editor .elementor-drop-cap{float:left;text-align:center;line-height:1;font-size:50px}.elementor-widget-text-editor .elementor-drop-cap-letter{display:inline-block}<\/style>\t\t\t\t<p><strong><span class=\"wixui-rich-text__text\">Ucz\u0119 Dzieci:<\/span><\/strong><\/p>\t\t\t\t\t\t<\/div>\n\t\t\t\t<\/div>\n\t\t\t\t\t<\/div>\n\t\t\t\t<\/div>\n\t\t<div class=\"elementor-element elementor-element-56252652 e-con-full e-flex e-con e-parent\" data-id=\"56252652\" data-element_type=\"container\">\n\t\t<div class=\"elementor-element elementor-element-3d5e9707 e-con-full e-flex e-con e-child\" data-id=\"3d5e9707\" data-element_type=\"container\">\n\t\t\t\t<div class=\"elementor-element elementor-element-1d4e2874 elementor-widget elementor-widget-text-editor\" data-id=\"1d4e2874\" data-element_type=\"widget\" data-widget_type=\"text-editor.default\">\n\t\t\t\t<div class=\"elementor-widget-container\">\n\t\t\t\t\t\t\t<div id=\"bgLayers_comp-lljqjjy3\" class=\"MW5IWV\" data-hook=\"bgLayers\" data-motion-part=\"BG_LAYER\">\n<div id=\"bgMedia_comp-lljqjjy3\" class=\"VgO9Yg\" data-motion-part=\"BG_MEDIA\"> <\/div>\n<\/div>\n<div class=\"\" data-mesh-id=\"comp-lljqjjy3inlineContent\" data-testid=\"inline-content\">\n<div data-mesh-id=\"comp-lljqjjy3inlineContent-gridContainer\" data-testid=\"mesh-container-content\">\n<div id=\"comp-lltawo1n\" class=\"HcOXKn c9GqVL QxJLC3 comp-lltawo1n wixui-rich-text\" data-testid=\"richTextElement\">\n<ul class=\"font_9 wixui-rich-text__text\">\n<li class=\"wixui-rich-text__text\">\n<p class=\"font_9 wixui-rich-text__text\"><span class=\"wixui-rich-text__text\">od 6 r.\u017c.<\/span><\/p>\n<\/li>\n<li class=\"wixui-rich-text__text\">\n<p class=\"font_9 wixui-rich-text__text\"><span class=\"wixui-rich-text__text\">do matury w\u0142\u0105cznie<\/span><\/p>\n<\/li>\n<li class=\"wixui-rich-text__text\">\n<p class=\"font_9 wixui-rich-text__text\"><span class=\"wixui-rich-text__text\">w Edukacji Domowej<\/span><\/p>\n<\/li>\n<li class=\"wixui-rich-text__text\">\n<p class=\"font_9 wixui-rich-text__text\"><span class=\"wixui-rich-text__text\">z mutyzmem wybi\u00f3rczym<\/span><\/p>\n<\/li>\n<li class=\"wixui-rich-text__text\">\n<p class=\"font_9 wixui-rich-text__text\"><span class=\"wixui-rich-text__text\">z zespo\u0142em Tourette&#8217;a<\/span><\/p>\n<\/li>\n<li class=\"wixui-rich-text__text\">\n<p class=\"font_9 wixui-rich-text__text\"><span class=\"wixui-rich-text__text\">z zespo\u0142em Aspergera<\/span><\/p>\n<\/li>\n<li class=\"wixui-rich-text__text\">\n<p class=\"font_9 wixui-rich-text__text\"><span class=\"wixui-rich-text__text\">ze spektrum autyzmu<\/span><\/p>\n<\/li>\n<\/ul>\n<\/div>\n<\/div>\n<\/div>\t\t\t\t\t\t<\/div>\n\t\t\t\t<\/div>\n\t\t\t\t<\/div>\n\t\t<div class=\"elementor-element elementor-element-f953a3b e-con-full e-flex e-con e-child\" data-id=\"f953a3b\" data-element_type=\"container\">\n\t\t\t\t<div class=\"elementor-element elementor-element-ab0aa63 elementor-widget elementor-widget-text-editor\" data-id=\"ab0aa63\" data-element_type=\"widget\" data-widget_type=\"text-editor.default\">\n\t\t\t\t<div class=\"elementor-widget-container\">\n\t\t\t\t\t\t\t<div id=\"bgLayers_comp-lljqjjy3\" class=\"MW5IWV\" data-hook=\"bgLayers\" data-motion-part=\"BG_LAYER\"> <div id=\"bgMedia_comp-lljqjjy3\" class=\"VgO9Yg\" data-motion-part=\"BG_MEDIA\"> <\/div> <\/div> <div class=\"\" data-mesh-id=\"comp-lljqjjy3inlineContent\" data-testid=\"inline-content\"> <div data-mesh-id=\"comp-lljqjjy3inlineContent-gridContainer\" data-testid=\"mesh-container-content\"> <div id=\"comp-lltawo1n\" class=\"HcOXKn c9GqVL QxJLC3 comp-lltawo1n wixui-rich-text\" data-testid=\"richTextElement\"> <ul class=\"font_9 wixui-rich-text__text\"> <li class=\"wixui-rich-text__text\"> <p class=\"font_9 wixui-rich-text__text\"><span class=\"wixui-rich-text__text\">z dysleksj\u0105<\/span><\/p> <\/li> <li class=\"wixui-rich-text__text\"> <p class=\"font_9 wixui-rich-text__text\"><span class=\"wixui-rich-text__text\">z dyskalkuli\u0105<\/span><\/p> <\/li> <li class=\"wixui-rich-text__text\"> <p class=\"font_9 wixui-rich-text__text\"><span class=\"wixui-rich-text__text\">z dysortografi\u0105<\/span><\/p> <\/li> <li class=\"wixui-rich-text__text\"> <p class=\"font_9 wixui-rich-text__text\"><span class=\"wixui-rich-text__text\">z dysgrafi\u0105<\/span><\/p> <\/li> <li class=\"wixui-rich-text__text\"> <p class=\"font_9 wixui-rich-text__text\"><span class=\"wixui-rich-text__text\">z depresj\u0105<\/span><\/p> <\/li> <li class=\"wixui-rich-text__text\"> <p class=\"font_9 wixui-rich-text__text\"><span class=\"wixui-rich-text__text\">z ADD, ADHD<\/span><\/p> <\/li> <\/ul> <\/div> <\/div> <\/div>\t\t\t\t\t\t<\/div>\n\t\t\t\t<\/div>\n\t\t\t\t<\/div>\n\t\t\t\t<\/div>\n\t\t<div class=\"elementor-element elementor-element-aa13bde e-flex e-con-boxed e-con e-parent\" data-id=\"aa13bde\" data-element_type=\"container\">\n\t\t\t\t\t<div class=\"e-con-inner\">\n\t\t\t\t<div class=\"elementor-element elementor-element-7f90cf09 elementor-widget elementor-widget-text-editor\" data-id=\"7f90cf09\" data-element_type=\"widget\" data-widget_type=\"text-editor.default\">\n\t\t\t\t<div class=\"elementor-widget-container\">\n\t\t\t\t\t\t\t<p><strong><span class=\"wixui-rich-text__text\">Ucz\u0119 Doros\u0142ych<\/span><\/strong>\u00a0chc\u0105cych zaliczy\u0107 poszczeg\u00f3lne etapy szk\u00f3\u0142 w tym matury z matematyki.<\/p>\t\t\t\t\t\t<\/div>\n\t\t\t\t<\/div>\n\t\t\t\t\t<\/div>\n\t\t\t\t<\/div>\n\t\t<div class=\"elementor-element elementor-element-3479d018 e-con-full e-flex e-con e-parent\" data-id=\"3479d018\" data-element_type=\"container\">\n\t\t\t\t<div class=\"elementor-element elementor-element-72f9de7f elementor-widget elementor-widget-text-editor\" data-id=\"72f9de7f\" data-element_type=\"widget\" data-widget_type=\"text-editor.default\">\n\t\t\t\t<div class=\"elementor-widget-container\">\n\t\t\t\t\t\t\t<p class=\"font_9 wixui-rich-text__text\"><span class=\"wixui-rich-text__text\">Posiadam kilkunastoletnie do\u015bwiadczenie.<\/span><\/p>\t\t\t\t\t\t<\/div>\n\t\t\t\t<\/div>\n\t\t\t\t<\/div>\n\t\t<div class=\"elementor-element elementor-element-7415866 e-con-full e-flex e-con e-parent\" data-id=\"7415866\" data-element_type=\"container\">\n\t\t\t\t<div class=\"elementor-element elementor-element-38c7ef02 elementor-widget__width-initial elementor-widget elementor-widget-text-editor\" data-id=\"38c7ef02\" data-element_type=\"widget\" id=\"cennik\" data-widget_type=\"text-editor.default\">\n\t\t\t\t<div class=\"elementor-widget-container\">\n\t\t\t\t\t\t\t<section id=\"comp-lljqjjy2\" class=\"comp-lljqjjy2 CohWsy wixui-column-strip\">\n<div class=\"V5AUxf\" data-testid=\"columns\">\n<div id=\"comp-lljqjjy3\" class=\"comp-lljqjjy3 YzqVVZ wixui-column-strip__column\">\n<div class=\"\" data-mesh-id=\"comp-lljqjjy3inlineContent\" data-testid=\"inline-content\">\n<div data-mesh-id=\"comp-lljqjjy3inlineContent-gridContainer\" data-testid=\"mesh-container-content\">\n<div id=\"comp-lltb12g2\" class=\"HcOXKn c9GqVL QxJLC3 comp-lltb12g2 wixui-rich-text\" data-testid=\"richTextElement\">\n<p class=\"font_9 wixui-rich-text__text\"><strong><span class=\"wixui-rich-text__text\" style=\"color: red;\">Koszt lekcji indywidualnej:<br \/><\/span><\/strong><\/p>\n<\/div>\n<\/div>\n<\/div>\n<\/div>\n<\/div>\n<\/section>\n<div id=\"comp-lljz1fj5\" class=\"HcOXKn c9GqVL QxJLC3 comp-lljz1fj5 wixui-rich-text\" data-testid=\"richTextElement\">\n<p class=\"font_9 wixui-rich-text__text\"><span class=\"wixui-rich-text__text\">150 z\u0142otych \/ 45 minut<\/span><\/p>\n<\/div>\t\t\t\t\t\t<\/div>\n\t\t\t\t<\/div>\n\t\t\t\t<div class=\"elementor-element elementor-element-1d63bbf0 elementor-widget elementor-widget-text-editor\" data-id=\"1d63bbf0\" data-element_type=\"widget\" data-widget_type=\"text-editor.default\">\n\t\t\t\t<div class=\"elementor-widget-container\">\n\t\t\t\t\t\t\t<p class=\"font_9 wixui-rich-text__text\"><!-- wp:heading --><\/p>\n<p class=\"font_9 wixui-rich-text__text\"><span class=\"wixui-rich-text__text\">Nie prowadz\u0119 zaj\u0119\u0107 grupowych.<\/span><\/p>\n<p class=\"font_9 wixui-rich-text__text\"><span class=\"wixui-rich-text__text\">P\u0142atno\u015b\u0107 za zaj\u0119cia dokonywana jest przelewem na konto bankowe.<\/span><\/p>\n<p class=\"font_9 wixui-rich-text__text\"><span class=\"wixui-rich-text__text\">Wystawiam faktury.<\/span><\/p>\t\t\t\t\t\t<\/div>\n\t\t\t\t<\/div>\n\t\t\t\t<div class=\"elementor-element elementor-element-20a5e26f elementor-align-center elementor-hidden-desktop elementor-hidden-tablet elementor-hidden-mobile elementor-widget elementor-widget-button\" data-id=\"20a5e26f\" data-element_type=\"widget\" data-widget_type=\"button.default\">\n\t\t\t\t<div class=\"elementor-widget-container\">\n\t\t\t\t\t<div class=\"elementor-button-wrapper\">\n\t\t\t<a class=\"elementor-button elementor-button-link elementor-size-sm elementor-animation-grow\" href=\"https:\/\/matematykanawrzosowej.com\/index.php\/terapia-reki\/\" target=\"_blank\">\n\t\t\t\t\t\t<span class=\"elementor-button-content-wrapper\">\n\t\t\t\t\t\t\t\t\t<span class=\"elementor-button-text\">Terapia r\u0119ki<\/span>\n\t\t\t\t\t<\/span>\n\t\t\t\t\t<\/a>\n\t\t<\/div>\n\t\t\t\t<\/div>\n\t\t\t\t<\/div>\n\t\t\t\t<div class=\"elementor-element elementor-element-34bede13 elementor-widget-divider--view-line elementor-widget elementor-widget-divider\" data-id=\"34bede13\" data-element_type=\"widget\" data-widget_type=\"divider.default\">\n\t\t\t\t<div class=\"elementor-widget-container\">\n\t\t\t<style>\/*! elementor - v3.23.0 - 05-08-2024 *\/\n.elementor-widget-divider{--divider-border-style:none;--divider-border-width:1px;--divider-color:#0c0d0e;--divider-icon-size:20px;--divider-element-spacing:10px;--divider-pattern-height:24px;--divider-pattern-size:20px;--divider-pattern-url:none;--divider-pattern-repeat:repeat-x}.elementor-widget-divider .elementor-divider{display:flex}.elementor-widget-divider .elementor-divider__text{font-size:15px;line-height:1;max-width:95%}.elementor-widget-divider .elementor-divider__element{margin:0 var(--divider-element-spacing);flex-shrink:0}.elementor-widget-divider .elementor-icon{font-size:var(--divider-icon-size)}.elementor-widget-divider .elementor-divider-separator{display:flex;margin:0;direction:ltr}.elementor-widget-divider--view-line_icon .elementor-divider-separator,.elementor-widget-divider--view-line_text .elementor-divider-separator{align-items:center}.elementor-widget-divider--view-line_icon .elementor-divider-separator:after,.elementor-widget-divider--view-line_icon .elementor-divider-separator:before,.elementor-widget-divider--view-line_text .elementor-divider-separator:after,.elementor-widget-divider--view-line_text .elementor-divider-separator:before{display:block;content:\"\";border-block-end:0;flex-grow:1;border-block-start:var(--divider-border-width) var(--divider-border-style) var(--divider-color)}.elementor-widget-divider--element-align-left .elementor-divider .elementor-divider-separator>.elementor-divider__svg:first-of-type{flex-grow:0;flex-shrink:100}.elementor-widget-divider--element-align-left .elementor-divider-separator:before{content:none}.elementor-widget-divider--element-align-left .elementor-divider__element{margin-left:0}.elementor-widget-divider--element-align-right .elementor-divider .elementor-divider-separator>.elementor-divider__svg:last-of-type{flex-grow:0;flex-shrink:100}.elementor-widget-divider--element-align-right .elementor-divider-separator:after{content:none}.elementor-widget-divider--element-align-right .elementor-divider__element{margin-right:0}.elementor-widget-divider--element-align-start .elementor-divider .elementor-divider-separator>.elementor-divider__svg:first-of-type{flex-grow:0;flex-shrink:100}.elementor-widget-divider--element-align-start .elementor-divider-separator:before{content:none}.elementor-widget-divider--element-align-start .elementor-divider__element{margin-inline-start:0}.elementor-widget-divider--element-align-end .elementor-divider .elementor-divider-separator>.elementor-divider__svg:last-of-type{flex-grow:0;flex-shrink:100}.elementor-widget-divider--element-align-end .elementor-divider-separator:after{content:none}.elementor-widget-divider--element-align-end .elementor-divider__element{margin-inline-end:0}.elementor-widget-divider:not(.elementor-widget-divider--view-line_text):not(.elementor-widget-divider--view-line_icon) .elementor-divider-separator{border-block-start:var(--divider-border-width) var(--divider-border-style) var(--divider-color)}.elementor-widget-divider--separator-type-pattern{--divider-border-style:none}.elementor-widget-divider--separator-type-pattern.elementor-widget-divider--view-line .elementor-divider-separator,.elementor-widget-divider--separator-type-pattern:not(.elementor-widget-divider--view-line) .elementor-divider-separator:after,.elementor-widget-divider--separator-type-pattern:not(.elementor-widget-divider--view-line) .elementor-divider-separator:before,.elementor-widget-divider--separator-type-pattern:not([class*=elementor-widget-divider--view]) .elementor-divider-separator{width:100%;min-height:var(--divider-pattern-height);-webkit-mask-size:var(--divider-pattern-size) 100%;mask-size:var(--divider-pattern-size) 100%;-webkit-mask-repeat:var(--divider-pattern-repeat);mask-repeat:var(--divider-pattern-repeat);background-color:var(--divider-color);-webkit-mask-image:var(--divider-pattern-url);mask-image:var(--divider-pattern-url)}.elementor-widget-divider--no-spacing{--divider-pattern-size:auto}.elementor-widget-divider--bg-round{--divider-pattern-repeat:round}.rtl .elementor-widget-divider .elementor-divider__text{direction:rtl}.e-con-inner>.elementor-widget-divider,.e-con>.elementor-widget-divider{width:var(--container-widget-width,100%);--flex-grow:var(--container-widget-flex-grow)}<\/style>\t\t<div class=\"elementor-divider\">\n\t\t\t<span class=\"elementor-divider-separator\">\n\t\t\t\t\t\t<\/span>\n\t\t<\/div>\n\t\t\t\t<\/div>\n\t\t\t\t<\/div>\n\t\t\t\t<\/div>\n\t\t<div class=\"elementor-element elementor-element-22c9d00c e-flex e-con-boxed e-con e-parent\" data-id=\"22c9d00c\" data-element_type=\"container\">\n\t\t\t\t\t<div class=\"e-con-inner\">\n\t\t\t\t\t<\/div>\n\t\t\t\t<\/div>\n\t\t\t\t<\/div>\n\t\t","protected":false},"excerpt":{"rendered":"<p>Kogo ucz\u0119? Ucz\u0119 Dzieci: od 6 r.\u017c. do matury w\u0142\u0105cznie w Edukacji Domowej z mutyzmem wybi\u00f3rczym z zespo\u0142em Tourette&#8217;a z zespo\u0142em Aspergera ze spektrum autyzmu z dysleksj\u0105 z dyskalkuli\u0105 z dysortografi\u0105 z dysgrafi\u0105 z depresj\u0105 z ADD, ADHD Ucz\u0119 Doros\u0142ych\u00a0chc\u0105cych zaliczy\u0107 poszczeg\u00f3lne etapy szk\u00f3\u0142 w tym matury z matematyki. Posiadam kilkunastoletnie do\u015bwiadczenie. Koszt lekcji indywidualnej: [&hellip;]<\/p>\n","protected":false},"author":1,"featured_media":0,"parent":0,"menu_order":0,"comment_status":"closed","ping_status":"closed","template":"","meta":{"footnotes":""},"class_list":["post-38","page","type-page","status-publish","hentry"],"_links":{"self":[{"href":"https:\/\/matematykanawrzosowej.com\/index.php\/wp-json\/wp\/v2\/pages\/38","targetHints":{"allow":["GET"]}}],"collection":[{"href":"https:\/\/matematykanawrzosowej.com\/index.php\/wp-json\/wp\/v2\/pages"}],"about":[{"href":"https:\/\/matematykanawrzosowej.com\/index.php\/wp-json\/wp\/v2\/types\/page"}],"author":[{"embeddable":true,"href":"https:\/\/matematykanawrzosowej.com\/index.php\/wp-json\/wp\/v2\/users\/1"}],"replies":[{"embeddable":true,"href":"https:\/\/matematykanawrzosowej.com\/index.php\/wp-json\/wp\/v2\/comments?post=38"}],"version-history":[{"count":55,"href":"https:\/\/matematykanawrzosowej.com\/index.php\/wp-json\/wp\/v2\/pages\/38\/revisions"}],"predecessor-version":[{"id":2938,"href":"https:\/\/matematykanawrzosowej.com\/index.php\/wp-json\/wp\/v2\/pages\/38\/revisions\/2938"}],"wp:attachment":[{"href":"https:\/\/matematykanawrzosowej.com\/index.php\/wp-json\/wp\/v2\/media?parent=38"}],"curies":[{"name":"wp","href":"https:\/\/api.w.org\/{rel}","templated":true}]}}